{"id":5099,"date":"2025-05-30T21:39:46","date_gmt":"2025-05-31T00:39:46","guid":{"rendered":"https:\/\/vohnabrindes.com.br\/?post_type=product&#038;p=5099"},"modified":"2025-05-30T21:39:48","modified_gmt":"2025-05-31T00:39:48","slug":"massageador-e-limpador-facial-eletrico-personalizado","status":"publish","type":"product","link":"https:\/\/vohnabrindes.com.br\/index.php\/product\/massageador-e-limpador-facial-eletrico-personalizado\/","title":{"rendered":"Massageador e Limpador Facial El\u00e9trico personalizado."},"content":{"rendered":"<pre id=\"item_referencia\">18562<\/pre>\n<p class=\"produto-nome\">Massageador e Limpador Facial El\u00e9trico personalizado.<\/p>\n<div class=\"caracs\">\n<div class=\"desc\">\n<p class=\"desc-tit\"><span class=\"desc-sub my-desc-sub\">Massageador facial produzido em silicone resistente a \u00e1gua, a escova possui cerdas macias que limpam e massageiam a face. Sua parte frontal possui um bot\u00e3o de acionamento, al\u00e9m de dois bot\u00f5es para altera\u00e7\u00e3o entre os 6 modos de intensidade. A limpeza da face atrav\u00e9s do uso do produto, limpa profundamente os poros melhorando v\u00e1rios aspectos da pele, aumentando o fluxo sangu\u00edneo, prevenindo contra rugas e outras impurezas na pele. O produto possui bateria recarreg\u00e1vel com Voltagem de 3.7V e Pot\u00eancia de 0.25W. Acompanha cabo USB.<\/span><\/p>\n<\/div>\n<div class=\"desc\">\n<p class=\"desc-tit\">Altura<span class=\"desc-sub\">\u00a0:\u00a0 7,9 cm<\/span><\/p>\n<\/div>\n<div class=\"desc\">\n<p class=\"desc-tit\">Largura<span class=\"desc-sub\">\u00a0:\u00a0 7,4 cm<\/span><\/p>\n<\/div>\n<div class=\"desc\">\n<p class=\"desc-tit\">Espessura<span class=\"desc-sub\">\u00a0:\u00a0 2,9 cm<\/span><\/p>\n<\/div>\n<div class=\"desc\">\n<p class=\"desc-tit\">Medidas aproximadas para grava\u00e7\u00e3o<span class=\"desc-sub\">\u00a0(CxL):\u00a0 0,8 cm x 5,5 cm<\/span><\/p>\n<\/div>\n<div class=\"desc\">\n<p class=\"desc-tit\">Peso aproximado<span class=\"desc-sub\">\u00a0(g):\u00a0 75<\/span><\/p>\n<\/div>\n<\/div>\n","protected":false},"excerpt":{"rendered":"<p>18562 Massageador e Limpador Facial El\u00e9trico personalizado. Massageador facial produzido em silicone resistente a \u00e1gua, a escova possui cerdas macias que limpam e massageiam a face.<span class=\"excerpt-hellip\"> [\u2026]<\/span><\/p>\n","protected":false},"featured_media":2342,"comment_status":"open","ping_status":"closed","template":"","meta":[],"product_cat":[194,184],"product_tag":[840],"class_list":["post-5099","product","type-product","status-publish","has-post-thumbnail","hentry","product_cat-cuidados-pessoais-e-protecao","product_cat-linha-feminina","product_tag-massageador-e-limpador-facial-eletrico-personalizado"],"_links":{"self":[{"href":"https:\/\/vohnabrindes.com.br\/index.php\/wp-json\/wp\/v2\/product\/5099","targetHints":{"allow":["GET"]}}],"collection":[{"href":"https:\/\/vohnabrindes.com.br\/index.php\/wp-json\/wp\/v2\/product"}],"about":[{"href":"https:\/\/vohnabrindes.com.br\/index.php\/wp-json\/wp\/v2\/types\/product"}],"replies":[{"embeddable":true,"href":"https:\/\/vohnabrindes.com.br\/index.php\/wp-json\/wp\/v2\/comments?post=5099"}],"version-history":[{"count":1,"href":"https:\/\/vohnabrindes.com.br\/index.php\/wp-json\/wp\/v2\/product\/5099\/revisions"}],"predecessor-version":[{"id":5129,"href":"https:\/\/vohnabrindes.com.br\/index.php\/wp-json\/wp\/v2\/product\/5099\/revisions\/5129"}],"wp:featuredmedia":[{"embeddable":true,"href":"https:\/\/vohnabrindes.com.br\/index.php\/wp-json\/wp\/v2\/media\/2342"}],"wp:attachment":[{"href":"https:\/\/vohnabrindes.com.br\/index.php\/wp-json\/wp\/v2\/media?parent=5099"}],"wp:term":[{"taxonomy":"product_cat","embeddable":true,"href":"https:\/\/vohnabrindes.com.br\/index.php\/wp-json\/wp\/v2\/product_cat?post=5099"},{"taxonomy":"product_tag","embeddable":true,"href":"https:\/\/vohnabrindes.com.br\/index.php\/wp-json\/wp\/v2\/product_tag?post=5099"}],"curies":[{"name":"wp","href":"https:\/\/api.w.org\/{rel}","templated":true}]}}