{"id":5133,"date":"2025-05-30T21:39:49","date_gmt":"2025-05-31T00:39:49","guid":{"rendered":"https:\/\/vohnabrindes.com.br\/?post_type=product&#038;p=5133"},"modified":"2025-05-30T21:39:52","modified_gmt":"2025-05-31T00:39:52","slug":"porta-cartao-couro-sintetico-personalizado","status":"publish","type":"product","link":"https:\/\/vohnabrindes.com.br\/index.php\/product\/porta-cartao-couro-sintetico-personalizado\/","title":{"rendered":"Porta Cart\u00e3o Couro Sint\u00e9tico personalizado."},"content":{"rendered":"<pre id=\"item_referencia\">13641<\/pre>\n<p class=\"produto-nome\">Porta Cart\u00e3o Couro Sint\u00e9tico personalizado.<\/p>\n<div class=\"caracs\">\n<div class=\"desc\">\n<p class=\"desc-tit\"><span class=\"desc-sub my-desc-sub\">Porta cart\u00e3o em couro sint\u00e9tico com duas divis\u00f3rias frontais, verso liso.<\/span><\/p>\n<\/div>\n<div class=\"desc\">\n<p class=\"desc-tit\">Tamanho total aproximado <span class=\"desc-sub\">\u00a0(CxL):\u00a0 7,2 cm x 11,2 cm<\/span><\/p>\n<\/div>\n<div class=\"desc\">\n<p class=\"desc-tit\">Peso aproximado<span class=\"desc-sub\">\u00a0(g):\u00a0 9<\/span><\/p>\n<\/div>\n<\/div>\n","protected":false},"excerpt":{"rendered":"<p>13641 Porta Cart\u00e3o Couro Sint\u00e9tico personalizado. Porta cart\u00e3o em couro sint\u00e9tico com duas divis\u00f3rias frontais, verso liso. Tamanho total aproximado \u00a0(CxL):\u00a0 7,2 cm x 11,2 cm<span class=\"excerpt-hellip\"> [\u2026]<\/span><\/p>\n","protected":false},"featured_media":2353,"comment_status":"open","ping_status":"closed","template":"","meta":[],"product_cat":[165],"product_tag":[843],"class_list":["post-5133","product","type-product","status-publish","has-post-thumbnail","hentry","product_cat-escritorio-e-conjuntos-executivos","product_tag-porta-cartao-couro-sintetico-personalizado"],"_links":{"self":[{"href":"https:\/\/vohnabrindes.com.br\/index.php\/wp-json\/wp\/v2\/product\/5133","targetHints":{"allow":["GET"]}}],"collection":[{"href":"https:\/\/vohnabrindes.com.br\/index.php\/wp-json\/wp\/v2\/product"}],"about":[{"href":"https:\/\/vohnabrindes.com.br\/index.php\/wp-json\/wp\/v2\/types\/product"}],"replies":[{"embeddable":true,"href":"https:\/\/vohnabrindes.com.br\/index.php\/wp-json\/wp\/v2\/comments?post=5133"}],"version-history":[{"count":1,"href":"https:\/\/vohnabrindes.com.br\/index.php\/wp-json\/wp\/v2\/product\/5133\/revisions"}],"predecessor-version":[{"id":5164,"href":"https:\/\/vohnabrindes.com.br\/index.php\/wp-json\/wp\/v2\/product\/5133\/revisions\/5164"}],"wp:featuredmedia":[{"embeddable":true,"href":"https:\/\/vohnabrindes.com.br\/index.php\/wp-json\/wp\/v2\/media\/2353"}],"wp:attachment":[{"href":"https:\/\/vohnabrindes.com.br\/index.php\/wp-json\/wp\/v2\/media?parent=5133"}],"wp:term":[{"taxonomy":"product_cat","embeddable":true,"href":"https:\/\/vohnabrindes.com.br\/index.php\/wp-json\/wp\/v2\/product_cat?post=5133"},{"taxonomy":"product_tag","embeddable":true,"href":"https:\/\/vohnabrindes.com.br\/index.php\/wp-json\/wp\/v2\/product_tag?post=5133"}],"curies":[{"name":"wp","href":"https:\/\/api.w.org\/{rel}","templated":true}]}}