{"id":5134,"date":"2025-05-30T21:39:49","date_gmt":"2025-05-31T00:39:49","guid":{"rendered":"https:\/\/vohnabrindes.com.br\/?post_type=product&#038;p=5134"},"modified":"2025-05-30T21:39:52","modified_gmt":"2025-05-31T00:39:52","slug":"toalha-esportiva-personalizada","status":"publish","type":"product","link":"https:\/\/vohnabrindes.com.br\/index.php\/product\/toalha-esportiva-personalizada\/","title":{"rendered":"Toalha esportiva personalizada."},"content":{"rendered":"<div class=\"ref\">99968-ARTX.<\/div>\n<div class=\"ref\">Toalha esportiva personalizada.<\/div>\n<div class=\"texto\">Toalha esportiva em poliamida e poli\u00e9ster.<\/div>\n<div class=\"texto\">Toalha refrescante, quando molhada permanece fria durante algumas horas.<\/div>\n<div class=\"texto\">Se aquecer, basta abanar, reativando a sua frescura.<\/div>\n<div class=\"texto\">Toalha reutiliz\u00e1vel, lav\u00e1vel na m\u00e1quina de lavar roupa.<\/div>\n<div class=\"texto\">dimens\u00f5es:300 x 800 mm<\/div>\n","protected":false},"excerpt":{"rendered":"<p>99968-ARTX. Toalha esportiva personalizada. Toalha esportiva em poliamida e poli\u00e9ster. Toalha refrescante, quando molhada permanece fria durante algumas horas. Se aquecer, basta abanar, reativando a sua<span class=\"excerpt-hellip\"> [\u2026]<\/span><\/p>\n","protected":false},"featured_media":2355,"comment_status":"open","ping_status":"closed","template":"","meta":[],"product_cat":[350,510],"product_tag":[844,845],"class_list":["post-5134","product","type-product","status-publish","has-post-thumbnail","hentry","product_cat-fitness-e-lazer","product_cat-linha-sol-e-chuva","product_tag-toalha-esportiva-personalizada","product_tag-toalha-personalizada"],"_links":{"self":[{"href":"https:\/\/vohnabrindes.com.br\/index.php\/wp-json\/wp\/v2\/product\/5134","targetHints":{"allow":["GET"]}}],"collection":[{"href":"https:\/\/vohnabrindes.com.br\/index.php\/wp-json\/wp\/v2\/product"}],"about":[{"href":"https:\/\/vohnabrindes.com.br\/index.php\/wp-json\/wp\/v2\/types\/product"}],"replies":[{"embeddable":true,"href":"https:\/\/vohnabrindes.com.br\/index.php\/wp-json\/wp\/v2\/comments?post=5134"}],"version-history":[{"count":1,"href":"https:\/\/vohnabrindes.com.br\/index.php\/wp-json\/wp\/v2\/product\/5134\/revisions"}],"predecessor-version":[{"id":5165,"href":"https:\/\/vohnabrindes.com.br\/index.php\/wp-json\/wp\/v2\/product\/5134\/revisions\/5165"}],"wp:featuredmedia":[{"embeddable":true,"href":"https:\/\/vohnabrindes.com.br\/index.php\/wp-json\/wp\/v2\/media\/2355"}],"wp:attachment":[{"href":"https:\/\/vohnabrindes.com.br\/index.php\/wp-json\/wp\/v2\/media?parent=5134"}],"wp:term":[{"taxonomy":"product_cat","embeddable":true,"href":"https:\/\/vohnabrindes.com.br\/index.php\/wp-json\/wp\/v2\/product_cat?post=5134"},{"taxonomy":"product_tag","embeddable":true,"href":"https:\/\/vohnabrindes.com.br\/index.php\/wp-json\/wp\/v2\/product_tag?post=5134"}],"curies":[{"name":"wp","href":"https:\/\/api.w.org\/{rel}","templated":true}]}}