{"id":5135,"date":"2025-05-30T21:39:49","date_gmt":"2025-05-31T00:39:49","guid":{"rendered":"https:\/\/vohnabrindes.com.br\/?post_type=product&#038;p=5135"},"modified":"2025-05-30T21:39:52","modified_gmt":"2025-05-31T00:39:52","slug":"toalha-esportiva-personalizada-2","status":"publish","type":"product","link":"https:\/\/vohnabrindes.com.br\/index.php\/product\/toalha-esportiva-personalizada-2\/","title":{"rendered":"Toalha esportiva personalizada"},"content":{"rendered":"<div class=\"ref\">99969-BERNAL.<\/div>\n<div class=\"ref\">Toalha esportiva personalizada.<\/div>\n<div class=\"texto\">Toalha esportiva refrescante em rPET. Fornecida numa bolsa preta em non-woven.<\/div>\n<div class=\"texto\">Toalha reutiliz\u00e1vel, lav\u00e1vel na m\u00e1quina de lavar roupa. 300 x 800 mm | Bolsa: 90 x 200 mm<\/div>\n","protected":false},"excerpt":{"rendered":"<p>99969-BERNAL. Toalha esportiva personalizada. Toalha esportiva refrescante em rPET. Fornecida numa bolsa preta em non-woven. Toalha reutiliz\u00e1vel, lav\u00e1vel na m\u00e1quina de lavar roupa. 300 x 800<span class=\"excerpt-hellip\"> [\u2026]<\/span><\/p>\n","protected":false},"featured_media":2357,"comment_status":"open","ping_status":"closed","template":"","meta":[],"product_cat":[350],"product_tag":[846,844,845],"class_list":["post-5135","product","type-product","status-publish","has-post-thumbnail","hentry","product_cat-fitness-e-lazer","product_tag-toalha-ecologica-personalizada","product_tag-toalha-esportiva-personalizada","product_tag-toalha-personalizada"],"_links":{"self":[{"href":"https:\/\/vohnabrindes.com.br\/index.php\/wp-json\/wp\/v2\/product\/5135","targetHints":{"allow":["GET"]}}],"collection":[{"href":"https:\/\/vohnabrindes.com.br\/index.php\/wp-json\/wp\/v2\/product"}],"about":[{"href":"https:\/\/vohnabrindes.com.br\/index.php\/wp-json\/wp\/v2\/types\/product"}],"replies":[{"embeddable":true,"href":"https:\/\/vohnabrindes.com.br\/index.php\/wp-json\/wp\/v2\/comments?post=5135"}],"version-history":[{"count":1,"href":"https:\/\/vohnabrindes.com.br\/index.php\/wp-json\/wp\/v2\/product\/5135\/revisions"}],"predecessor-version":[{"id":5166,"href":"https:\/\/vohnabrindes.com.br\/index.php\/wp-json\/wp\/v2\/product\/5135\/revisions\/5166"}],"wp:featuredmedia":[{"embeddable":true,"href":"https:\/\/vohnabrindes.com.br\/index.php\/wp-json\/wp\/v2\/media\/2357"}],"wp:attachment":[{"href":"https:\/\/vohnabrindes.com.br\/index.php\/wp-json\/wp\/v2\/media?parent=5135"}],"wp:term":[{"taxonomy":"product_cat","embeddable":true,"href":"https:\/\/vohnabrindes.com.br\/index.php\/wp-json\/wp\/v2\/product_cat?post=5135"},{"taxonomy":"product_tag","embeddable":true,"href":"https:\/\/vohnabrindes.com.br\/index.php\/wp-json\/wp\/v2\/product_tag?post=5135"}],"curies":[{"name":"wp","href":"https:\/\/api.w.org\/{rel}","templated":true}]}}