{"id":5136,"date":"2025-05-30T21:39:49","date_gmt":"2025-05-31T00:39:49","guid":{"rendered":"https:\/\/vohnabrindes.com.br\/?post_type=product&#038;p=5136"},"modified":"2025-05-30T21:39:52","modified_gmt":"2025-05-31T00:39:52","slug":"toalha-para-esporte-personalizada","status":"publish","type":"product","link":"https:\/\/vohnabrindes.com.br\/index.php\/product\/toalha-para-esporte-personalizada\/","title":{"rendered":"Toalha para esporte personalizada."},"content":{"rendered":"<div class=\"ref\">99966-TRAVIS.<\/div>\n<div class=\"ref\">Toalha para esporte personalizada.<\/div>\n<div class=\"texto\">Toalha para esporte em microfibra (210 g\/m\u00b2). Toalha pr\u00e1tica e leve que facilita o transporte, de elevada absor\u00e7\u00e3o e r\u00e1pida secagem. Fornecida com bolsa em 190T. 400 x 800 mm | Bolsa: 135 x 205 mm<\/div>\n","protected":false},"excerpt":{"rendered":"<p>99966-TRAVIS. Toalha para esporte personalizada. Toalha para esporte em microfibra (210 g\/m\u00b2). Toalha pr\u00e1tica e leve que facilita o transporte, de elevada absor\u00e7\u00e3o e r\u00e1pida secagem.<span class=\"excerpt-hellip\"> [\u2026]<\/span><\/p>\n","protected":false},"featured_media":2362,"comment_status":"open","ping_status":"closed","template":"","meta":[],"product_cat":[350],"product_tag":[847,845],"class_list":["post-5136","product","type-product","status-publish","has-post-thumbnail","hentry","product_cat-fitness-e-lazer","product_tag-toalha-para-esporte-personalizada","product_tag-toalha-personalizada"],"_links":{"self":[{"href":"https:\/\/vohnabrindes.com.br\/index.php\/wp-json\/wp\/v2\/product\/5136","targetHints":{"allow":["GET"]}}],"collection":[{"href":"https:\/\/vohnabrindes.com.br\/index.php\/wp-json\/wp\/v2\/product"}],"about":[{"href":"https:\/\/vohnabrindes.com.br\/index.php\/wp-json\/wp\/v2\/types\/product"}],"replies":[{"embeddable":true,"href":"https:\/\/vohnabrindes.com.br\/index.php\/wp-json\/wp\/v2\/comments?post=5136"}],"version-history":[{"count":1,"href":"https:\/\/vohnabrindes.com.br\/index.php\/wp-json\/wp\/v2\/product\/5136\/revisions"}],"predecessor-version":[{"id":5167,"href":"https:\/\/vohnabrindes.com.br\/index.php\/wp-json\/wp\/v2\/product\/5136\/revisions\/5167"}],"wp:featuredmedia":[{"embeddable":true,"href":"https:\/\/vohnabrindes.com.br\/index.php\/wp-json\/wp\/v2\/media\/2362"}],"wp:attachment":[{"href":"https:\/\/vohnabrindes.com.br\/index.php\/wp-json\/wp\/v2\/media?parent=5136"}],"wp:term":[{"taxonomy":"product_cat","embeddable":true,"href":"https:\/\/vohnabrindes.com.br\/index.php\/wp-json\/wp\/v2\/product_cat?post=5136"},{"taxonomy":"product_tag","embeddable":true,"href":"https:\/\/vohnabrindes.com.br\/index.php\/wp-json\/wp\/v2\/product_tag?post=5136"}],"curies":[{"name":"wp","href":"https:\/\/api.w.org\/{rel}","templated":true}]}}