{"id":5138,"date":"2025-05-30T21:39:50","date_gmt":"2025-05-31T00:39:50","guid":{"rendered":"https:\/\/vohnabrindes.com.br\/?post_type=product&#038;p=5138"},"modified":"2025-05-30T21:39:53","modified_gmt":"2025-05-31T00:39:53","slug":"conjunto-de-4-bandas-elasticas-personalizadas","status":"publish","type":"product","link":"https:\/\/vohnabrindes.com.br\/index.php\/product\/conjunto-de-4-bandas-elasticas-personalizadas\/","title":{"rendered":"Conjunto de 4 bandas el\u00e1sticas personalizadas."},"content":{"rendered":"<div class=\"ref\">99970-BURPEE.<\/div>\n<div class=\"ref\">Conjunto de 4 bandas el\u00e1sticas personalizadas.<\/div>\n<div class=\"texto\">Conjunto de 4 bandas el\u00e1sticas de gin\u00e1stica em bolsa de non-woven preta.<\/div>\n<div class=\"texto\">Cada banda tem um n\u00edvel de resist\u00eancia diferente: Vermelha &#8211; forte;<\/div>\n<div class=\"texto\">Amarela &#8211; m\u00e9dia;<\/div>\n<div class=\"texto\">Azul &#8211; leve;<\/div>\n<div class=\"texto\">Verde &#8211; muito leve<\/div>\n<div class=\"texto\">Bolsa: 100 x 200 mm<\/div>\n","protected":false},"excerpt":{"rendered":"<p>99970-BURPEE. Conjunto de 4 bandas el\u00e1sticas personalizadas. Conjunto de 4 bandas el\u00e1sticas de gin\u00e1stica em bolsa de non-woven preta. Cada banda tem um n\u00edvel de resist\u00eancia<span class=\"excerpt-hellip\"> [\u2026]<\/span><\/p>\n","protected":false},"featured_media":2366,"comment_status":"open","ping_status":"closed","template":"","meta":[],"product_cat":[350],"product_tag":[849,850,196,851],"class_list":["post-5138","product","type-product","status-publish","has-post-thumbnail","hentry","product_cat-fitness-e-lazer","product_tag-brindes-academia","product_tag-brindes-fitness","product_tag-brindes-saude","product_tag-conjunto-de-4-bandas-elasticas-personalizadas"],"_links":{"self":[{"href":"https:\/\/vohnabrindes.com.br\/index.php\/wp-json\/wp\/v2\/product\/5138","targetHints":{"allow":["GET"]}}],"collection":[{"href":"https:\/\/vohnabrindes.com.br\/index.php\/wp-json\/wp\/v2\/product"}],"about":[{"href":"https:\/\/vohnabrindes.com.br\/index.php\/wp-json\/wp\/v2\/types\/product"}],"replies":[{"embeddable":true,"href":"https:\/\/vohnabrindes.com.br\/index.php\/wp-json\/wp\/v2\/comments?post=5138"}],"version-history":[{"count":1,"href":"https:\/\/vohnabrindes.com.br\/index.php\/wp-json\/wp\/v2\/product\/5138\/revisions"}],"predecessor-version":[{"id":5169,"href":"https:\/\/vohnabrindes.com.br\/index.php\/wp-json\/wp\/v2\/product\/5138\/revisions\/5169"}],"wp:featuredmedia":[{"embeddable":true,"href":"https:\/\/vohnabrindes.com.br\/index.php\/wp-json\/wp\/v2\/media\/2366"}],"wp:attachment":[{"href":"https:\/\/vohnabrindes.com.br\/index.php\/wp-json\/wp\/v2\/media?parent=5138"}],"wp:term":[{"taxonomy":"product_cat","embeddable":true,"href":"https:\/\/vohnabrindes.com.br\/index.php\/wp-json\/wp\/v2\/product_cat?post=5138"},{"taxonomy":"product_tag","embeddable":true,"href":"https:\/\/vohnabrindes.com.br\/index.php\/wp-json\/wp\/v2\/product_tag?post=5138"}],"curies":[{"name":"wp","href":"https:\/\/api.w.org\/{rel}","templated":true}]}}