{"id":5149,"date":"2025-05-30T21:39:50","date_gmt":"2025-05-31T00:39:50","guid":{"rendered":"https:\/\/vohnabrindes.com.br\/?post_type=product&#038;p=5149"},"modified":"2025-05-30T21:39:53","modified_gmt":"2025-05-31T00:39:53","slug":"guarda-chuva-infantil-personalizado","status":"publish","type":"product","link":"https:\/\/vohnabrindes.com.br\/index.php\/product\/guarda-chuva-infantil-personalizado\/","title":{"rendered":"Guarda-chuva infantil personalizado."},"content":{"rendered":"<div class=\"ref\">99123STORK.<\/div>\n<div class=\"ref\">Guarda-chuva infantil personalizado.<\/div>\n<div class=\"texto\">Guarda-chuva para crian\u00e7a em poli\u00e9ster 190T. \u00f8870 x 660 mm<\/div>\n","protected":false},"excerpt":{"rendered":"<p>99123STORK. Guarda-chuva infantil personalizado. Guarda-chuva para crian\u00e7a em poli\u00e9ster 190T. \u00f8870 x 660 mm<\/p>\n","protected":false},"featured_media":2400,"comment_status":"open","ping_status":"closed","template":"","meta":[],"product_cat":[395,510],"product_tag":[865],"class_list":["post-5149","product","type-product","status-publish","has-post-thumbnail","hentry","product_cat-kids-e-escolar","product_cat-linha-sol-e-chuva","product_tag-guarda-chuva-infantil-personalizado"],"_links":{"self":[{"href":"https:\/\/vohnabrindes.com.br\/index.php\/wp-json\/wp\/v2\/product\/5149","targetHints":{"allow":["GET"]}}],"collection":[{"href":"https:\/\/vohnabrindes.com.br\/index.php\/wp-json\/wp\/v2\/product"}],"about":[{"href":"https:\/\/vohnabrindes.com.br\/index.php\/wp-json\/wp\/v2\/types\/product"}],"replies":[{"embeddable":true,"href":"https:\/\/vohnabrindes.com.br\/index.php\/wp-json\/wp\/v2\/comments?post=5149"}],"version-history":[{"count":1,"href":"https:\/\/vohnabrindes.com.br\/index.php\/wp-json\/wp\/v2\/product\/5149\/revisions"}],"predecessor-version":[{"id":5180,"href":"https:\/\/vohnabrindes.com.br\/index.php\/wp-json\/wp\/v2\/product\/5149\/revisions\/5180"}],"wp:featuredmedia":[{"embeddable":true,"href":"https:\/\/vohnabrindes.com.br\/index.php\/wp-json\/wp\/v2\/media\/2400"}],"wp:attachment":[{"href":"https:\/\/vohnabrindes.com.br\/index.php\/wp-json\/wp\/v2\/media?parent=5149"}],"wp:term":[{"taxonomy":"product_cat","embeddable":true,"href":"https:\/\/vohnabrindes.com.br\/index.php\/wp-json\/wp\/v2\/product_cat?post=5149"},{"taxonomy":"product_tag","embeddable":true,"href":"https:\/\/vohnabrindes.com.br\/index.php\/wp-json\/wp\/v2\/product_tag?post=5149"}],"curies":[{"name":"wp","href":"https:\/\/api.w.org\/{rel}","templated":true}]}}