{"id":5150,"date":"2025-05-30T21:39:50","date_gmt":"2025-05-31T00:39:50","guid":{"rendered":"https:\/\/vohnabrindes.com.br\/?post_type=product&#038;p=5150"},"modified":"2025-05-30T21:39:53","modified_gmt":"2025-05-31T00:39:53","slug":"guarda-chuva-invertido-personalizado","status":"publish","type":"product","link":"https:\/\/vohnabrindes.com.br\/index.php\/product\/guarda-chuva-invertido-personalizado\/","title":{"rendered":"Guarda-chuva Invertido personalizado."},"content":{"rendered":"<pre id=\"item_referencia\">14332<\/pre>\n<p class=\"produto-nome\">Guarda-chuva Invertido personalizado.<\/p>\n<div class=\"caracs\">\n<div class=\"desc\">\n<p class=\"desc-tit\"><span class=\"desc-sub my-desc-sub\">Guarda-chuva invertido com forro interno. Tecido ponge chin\u00eas e seda poli\u00e9ster, possui um mecanismo inovador permitindo que o usu\u00e1rio n\u00e3o se molhe ao entrar e sair de ambientes devido sua abertura invertida, quando feito o movimento para fechar as varetas inverter\u00e3o para cima criando um formato circular impedindo a chuva de atingir o usu\u00e1rio, podendo \u201csegurar\u201d a chuva enquanto entra\/sai de um ambiente, ao virar o guarda-chuva a \u00e1gua ir\u00e1 escorrer. Forro interno para preserva\u00e7\u00e3o das 8 varetas, evitando contato com a \u00e1gua e assim prolongando seu tempo de uso sem enferrujar. Ao impulsionar o fechamento invertido fica mais r\u00e1pido e pr\u00e1tico o modo de secar e ser guardado, pode ser apoiado no ch\u00e3o que permanecer\u00e1 em p\u00e9 para escorrer a \u00e1gua. Pegador pl\u00e1stico fosco em formato C, bot\u00e3o acionador vermelho e fita com velcro para lacre.<\/span><\/p>\n<\/div>\n<div class=\"desc\">\n<p class=\"desc-tit\">Altura<span class=\"desc-sub\">\u00a0:\u00a0 82 cm<\/span><\/p>\n<\/div>\n<div class=\"desc\">\n<p class=\"desc-tit\">Largura<span class=\"desc-sub\">\u00a0:\u00a0 10,3 cm<\/span><\/p>\n<\/div>\n<div class=\"desc\">\n<p class=\"desc-tit\">Medidas aproximadas para grava\u00e7\u00e3o<span class=\"desc-sub\">\u00a0(CxL):\u00a0 19 cm x 30 cm<\/span><\/p>\n<\/div>\n<div class=\"desc\">\n<p class=\"desc-tit\">Tamanho total aproximado\u00a0<span class=\"desc-sub\">\u00a0(CxL):\u00a0 Aberto 103 cm<\/span><\/p>\n<\/div>\n<div class=\"desc\">\n<p class=\"desc-tit\">Peso aproximado<span class=\"desc-sub\">\u00a0(g):\u00a0 621<\/span><\/p>\n<\/div>\n<\/div>\n","protected":false},"excerpt":{"rendered":"<p>14332 Guarda-chuva Invertido personalizado. Guarda-chuva invertido com forro interno. Tecido ponge chin\u00eas e seda poli\u00e9ster, possui um mecanismo inovador permitindo que o usu\u00e1rio n\u00e3o se molhe<span class=\"excerpt-hellip\"> [\u2026]<\/span><\/p>\n","protected":false},"featured_media":2405,"comment_status":"open","ping_status":"closed","template":"","meta":[],"product_cat":[510],"product_tag":[866],"class_list":["post-5150","product","type-product","status-publish","has-post-thumbnail","hentry","product_cat-linha-sol-e-chuva","product_tag-guarda-chuva-invertido-personalizado"],"_links":{"self":[{"href":"https:\/\/vohnabrindes.com.br\/index.php\/wp-json\/wp\/v2\/product\/5150","targetHints":{"allow":["GET"]}}],"collection":[{"href":"https:\/\/vohnabrindes.com.br\/index.php\/wp-json\/wp\/v2\/product"}],"about":[{"href":"https:\/\/vohnabrindes.com.br\/index.php\/wp-json\/wp\/v2\/types\/product"}],"replies":[{"embeddable":true,"href":"https:\/\/vohnabrindes.com.br\/index.php\/wp-json\/wp\/v2\/comments?post=5150"}],"version-history":[{"count":1,"href":"https:\/\/vohnabrindes.com.br\/index.php\/wp-json\/wp\/v2\/product\/5150\/revisions"}],"predecessor-version":[{"id":5181,"href":"https:\/\/vohnabrindes.com.br\/index.php\/wp-json\/wp\/v2\/product\/5150\/revisions\/5181"}],"wp:featuredmedia":[{"embeddable":true,"href":"https:\/\/vohnabrindes.com.br\/index.php\/wp-json\/wp\/v2\/media\/2405"}],"wp:attachment":[{"href":"https:\/\/vohnabrindes.com.br\/index.php\/wp-json\/wp\/v2\/media?parent=5150"}],"wp:term":[{"taxonomy":"product_cat","embeddable":true,"href":"https:\/\/vohnabrindes.com.br\/index.php\/wp-json\/wp\/v2\/product_cat?post=5150"},{"taxonomy":"product_tag","embeddable":true,"href":"https:\/\/vohnabrindes.com.br\/index.php\/wp-json\/wp\/v2\/product_tag?post=5150"}],"curies":[{"name":"wp","href":"https:\/\/api.w.org\/{rel}","templated":true}]}}