{"id":5152,"date":"2025-05-30T21:39:50","date_gmt":"2025-05-31T00:39:50","guid":{"rendered":"https:\/\/vohnabrindes.com.br\/?post_type=product&#038;p=5152"},"modified":"2025-05-30T21:39:54","modified_gmt":"2025-05-31T00:39:54","slug":"guarda-chuva-personalizado-2","status":"publish","type":"product","link":"https:\/\/vohnabrindes.com.br\/index.php\/product\/guarda-chuva-personalizado-2\/","title":{"rendered":"Guarda-chuva\u00a0 personalizado."},"content":{"rendered":"<pre id=\"item_referencia\">02075<\/pre>\n<p class=\"produto-nome\">Guarda-chuva\u00a0 personalizado.<\/p>\n<div class=\"caracs\">\n<div class=\"desc\">\n<p class=\"desc-tit\"><span class=\"desc-sub my-desc-sub\">guarda-chuva com tecido de nylon e abertura autom\u00e1tica, basta acionar o bot\u00e3o inferior. <\/span><\/p>\n<p class=\"desc-tit\"><span class=\"desc-sub my-desc-sub\">Possui 8 varetas pretas de a\u00e7o, pegador e bico superior de pl\u00e1stico.<\/span><\/p>\n<\/div>\n<div class=\"desc\">\n<p class=\"desc-tit\">Medidas aproximadas para grava\u00e7\u00e3o<span class=\"desc-sub\">\u00a0(CxL):\u00a0 15 cm x 30 cm<\/span><\/p>\n<\/div>\n<div class=\"desc\">\n<p class=\"desc-tit\">Tamanho total aproximado\u00a0<span class=\"desc-sub\">\u00a0(CxL):\u00a0 84,5 cm x 105 cm X 105 cm ABERTO<\/span><\/p>\n<\/div>\n<div class=\"desc\">\n<p class=\"desc-tit\">Peso aproximado<span class=\"desc-sub\">\u00a0(g):\u00a0 292<\/span><\/p>\n<\/div>\n<\/div>\n","protected":false},"excerpt":{"rendered":"<p>02075 Guarda-chuva\u00a0 personalizado. guarda-chuva com tecido de nylon e abertura autom\u00e1tica, basta acionar o bot\u00e3o inferior. Possui 8 varetas pretas de a\u00e7o, pegador e bico superior<span class=\"excerpt-hellip\"> [\u2026]<\/span><\/p>\n","protected":false},"featured_media":2409,"comment_status":"open","ping_status":"closed","template":"","meta":[],"product_cat":[510],"product_tag":[814],"class_list":["post-5152","product","type-product","status-publish","has-post-thumbnail","hentry","product_cat-linha-sol-e-chuva","product_tag-guarda-chuva-personalizado"],"_links":{"self":[{"href":"https:\/\/vohnabrindes.com.br\/index.php\/wp-json\/wp\/v2\/product\/5152","targetHints":{"allow":["GET"]}}],"collection":[{"href":"https:\/\/vohnabrindes.com.br\/index.php\/wp-json\/wp\/v2\/product"}],"about":[{"href":"https:\/\/vohnabrindes.com.br\/index.php\/wp-json\/wp\/v2\/types\/product"}],"replies":[{"embeddable":true,"href":"https:\/\/vohnabrindes.com.br\/index.php\/wp-json\/wp\/v2\/comments?post=5152"}],"version-history":[{"count":1,"href":"https:\/\/vohnabrindes.com.br\/index.php\/wp-json\/wp\/v2\/product\/5152\/revisions"}],"predecessor-version":[{"id":5183,"href":"https:\/\/vohnabrindes.com.br\/index.php\/wp-json\/wp\/v2\/product\/5152\/revisions\/5183"}],"wp:featuredmedia":[{"embeddable":true,"href":"https:\/\/vohnabrindes.com.br\/index.php\/wp-json\/wp\/v2\/media\/2409"}],"wp:attachment":[{"href":"https:\/\/vohnabrindes.com.br\/index.php\/wp-json\/wp\/v2\/media?parent=5152"}],"wp:term":[{"taxonomy":"product_cat","embeddable":true,"href":"https:\/\/vohnabrindes.com.br\/index.php\/wp-json\/wp\/v2\/product_cat?post=5152"},{"taxonomy":"product_tag","embeddable":true,"href":"https:\/\/vohnabrindes.com.br\/index.php\/wp-json\/wp\/v2\/product_tag?post=5152"}],"curies":[{"name":"wp","href":"https:\/\/api.w.org\/{rel}","templated":true}]}}