{"id":5155,"date":"2025-05-30T21:39:50","date_gmt":"2025-05-31T00:39:50","guid":{"rendered":"https:\/\/vohnabrindes.com.br\/?post_type=product&#038;p=5155"},"modified":"2025-05-30T21:39:54","modified_gmt":"2025-05-31T00:39:54","slug":"bolsa-para-transporte-de-pets-personalizada","status":"publish","type":"product","link":"https:\/\/vohnabrindes.com.br\/index.php\/product\/bolsa-para-transporte-de-pets-personalizada\/","title":{"rendered":"Bolsa para Transporte de Pets Personalizada."},"content":{"rendered":"<pre id=\"item_referencia\">14992<\/pre>\n<p class=\"produto-nome\">Bolsa para Transporte de Pets Personalizada.<\/p>\n<div class=\"caracs\">\n<div class=\"desc\">\n<p class=\"desc-tit\"><span class=\"desc-sub my-desc-sub\">Bolsa para transporte de pets, confeccionada em tecido Oxford com compartimento frontal e bolsos laterais. Seu tapete dupla face, com uma camada aveludada, foi projetado para proporcionar o m\u00e1ximo conforto ao pet. Equipada com telas respir\u00e1veis em nylon, esta bolsa apresenta aberturas completas nas laterais e uma abertura superior, permitindo uma experi\u00eancia de transporte arejada, com entrada e sa\u00edda pr\u00e1tica para o pet. As al\u00e7as de m\u00e3o, estrategicamente equipadas com suporte para jun\u00e7\u00e3o, garantem conforto durante o transporte manual, enquanto a al\u00e7a transversal proporciona um transporte ergon\u00f4mico com distribui\u00e7\u00e3o mais eficiente do peso.<\/span><\/p>\n<\/div>\n<div class=\"desc\">\n<p class=\"desc-tit\">Altura<span class=\"desc-sub\">\u00a0:\u00a0 34 cm<\/span><\/p>\n<\/div>\n<div class=\"desc\">\n<p class=\"desc-tit\">Profundidade<span class=\"desc-sub\">\u00a0:\u00a0 23 cm<\/span><\/p>\n<\/div>\n<div class=\"desc\">\n<p class=\"desc-tit\">Comprimento<span class=\"desc-sub\">\u00a0:\u00a0 50 cm<\/span><\/p>\n<\/div>\n<div class=\"desc\">\n<p class=\"desc-tit\">Medidas aproximadas para grava\u00e7\u00e3o<span class=\"desc-sub\">\u00a0(CxL):\u00a0 24,5 cm x 16 cm<\/span><\/p>\n<\/div>\n<div class=\"desc\">\n<p class=\"desc-tit\">Peso aproximado<span class=\"desc-sub\">\u00a0(g):\u00a0 912<\/span><\/p>\n<\/div>\n<\/div>\n","protected":false},"excerpt":{"rendered":"<p>14992 Bolsa para Transporte de Pets Personalizada. Bolsa para transporte de pets, confeccionada em tecido Oxford com compartimento frontal e bolsos laterais. Seu tapete dupla face,<span class=\"excerpt-hellip\"> [\u2026]<\/span><\/p>\n","protected":false},"featured_media":2418,"comment_status":"open","ping_status":"closed","template":"","meta":[],"product_cat":[738],"product_tag":[868],"class_list":["post-5155","product","type-product","status-publish","has-post-thumbnail","hentry","product_cat-linha-pet","product_tag-bolsa-para-transporte-de-pets-personalizada"],"_links":{"self":[{"href":"https:\/\/vohnabrindes.com.br\/index.php\/wp-json\/wp\/v2\/product\/5155","targetHints":{"allow":["GET"]}}],"collection":[{"href":"https:\/\/vohnabrindes.com.br\/index.php\/wp-json\/wp\/v2\/product"}],"about":[{"href":"https:\/\/vohnabrindes.com.br\/index.php\/wp-json\/wp\/v2\/types\/product"}],"replies":[{"embeddable":true,"href":"https:\/\/vohnabrindes.com.br\/index.php\/wp-json\/wp\/v2\/comments?post=5155"}],"version-history":[{"count":1,"href":"https:\/\/vohnabrindes.com.br\/index.php\/wp-json\/wp\/v2\/product\/5155\/revisions"}],"predecessor-version":[{"id":5186,"href":"https:\/\/vohnabrindes.com.br\/index.php\/wp-json\/wp\/v2\/product\/5155\/revisions\/5186"}],"wp:featuredmedia":[{"embeddable":true,"href":"https:\/\/vohnabrindes.com.br\/index.php\/wp-json\/wp\/v2\/media\/2418"}],"wp:attachment":[{"href":"https:\/\/vohnabrindes.com.br\/index.php\/wp-json\/wp\/v2\/media?parent=5155"}],"wp:term":[{"taxonomy":"product_cat","embeddable":true,"href":"https:\/\/vohnabrindes.com.br\/index.php\/wp-json\/wp\/v2\/product_cat?post=5155"},{"taxonomy":"product_tag","embeddable":true,"href":"https:\/\/vohnabrindes.com.br\/index.php\/wp-json\/wp\/v2\/product_tag?post=5155"}],"curies":[{"name":"wp","href":"https:\/\/api.w.org\/{rel}","templated":true}]}}