{"id":5193,"date":"2025-05-30T21:39:55","date_gmt":"2025-05-31T00:39:55","guid":{"rendered":"https:\/\/vohnabrindes.com.br\/?post_type=product&#038;p=5193"},"modified":"2025-05-30T21:39:56","modified_gmt":"2025-05-31T00:39:56","slug":"fita-metrica-plastica-de-1-metro-personalizada","status":"publish","type":"product","link":"https:\/\/vohnabrindes.com.br\/index.php\/product\/fita-metrica-plastica-de-1-metro-personalizada\/","title":{"rendered":"Fita M\u00e9trica Pl\u00e1stica de 1 Metro personalizada."},"content":{"rendered":"<pre id=\"item_referencia\">02910<\/pre>\n<p class=\"produto-nome\">Fita M\u00e9trica Pl\u00e1stica de 1 Metro personalizada.<\/p>\n<div class=\"caracs\">\n<div class=\"desc\">\n<p class=\"desc-tit\"><span class=\"desc-sub my-desc-sub\">Fita m\u00e9trica de 1 metro em pl\u00e1stico quadrangular, frente lisa e verso com bot\u00e3o (trava). Acompanha chaveiro.<\/span><\/p>\n<\/div>\n<div class=\"desc\">\n<p class=\"desc-tit\">Medidas aproximadas para grava\u00e7\u00e3o<span class=\"desc-sub\">\u00a0(CxL):\u00a0 3,2 cm x 3,2 cm<\/span><\/p>\n<\/div>\n<div class=\"desc\">\n<p class=\"desc-tit\">Tamanho total aproximado\u00a0<span class=\"desc-sub\">\u00a0(CxL):\u00a0 4,3 cm x 4,3 cm<\/span><\/p>\n<\/div>\n<div class=\"desc\">\n<p class=\"desc-tit\">Peso aproximado<span class=\"desc-sub\">\u00a0(g):\u00a0 19<\/span><\/p>\n<\/div>\n<\/div>\n","protected":false},"excerpt":{"rendered":"<p>02910 Fita M\u00e9trica Pl\u00e1stica de 1 Metro personalizada. Fita m\u00e9trica de 1 metro em pl\u00e1stico quadrangular, frente lisa e verso com bot\u00e3o (trava). Acompanha chaveiro. Medidas<span class=\"excerpt-hellip\"> [\u2026]<\/span><\/p>\n","protected":false},"featured_media":2441,"comment_status":"open","ping_status":"closed","template":"","meta":[],"product_cat":[493],"product_tag":[876,495,514],"class_list":["post-5193","product","type-product","status-publish","has-post-thumbnail","hentry","product_cat-ferramentas-e-lanternas","product_tag-fita-metrica-plastica-de-1-metro-personalizada","product_tag-kit-ferramentas-personalizado","product_tag-trena-personalizada"],"_links":{"self":[{"href":"https:\/\/vohnabrindes.com.br\/index.php\/wp-json\/wp\/v2\/product\/5193","targetHints":{"allow":["GET"]}}],"collection":[{"href":"https:\/\/vohnabrindes.com.br\/index.php\/wp-json\/wp\/v2\/product"}],"about":[{"href":"https:\/\/vohnabrindes.com.br\/index.php\/wp-json\/wp\/v2\/types\/product"}],"replies":[{"embeddable":true,"href":"https:\/\/vohnabrindes.com.br\/index.php\/wp-json\/wp\/v2\/comments?post=5193"}],"version-history":[{"count":1,"href":"https:\/\/vohnabrindes.com.br\/index.php\/wp-json\/wp\/v2\/product\/5193\/revisions"}],"predecessor-version":[{"id":5223,"href":"https:\/\/vohnabrindes.com.br\/index.php\/wp-json\/wp\/v2\/product\/5193\/revisions\/5223"}],"wp:featuredmedia":[{"embeddable":true,"href":"https:\/\/vohnabrindes.com.br\/index.php\/wp-json\/wp\/v2\/media\/2441"}],"wp:attachment":[{"href":"https:\/\/vohnabrindes.com.br\/index.php\/wp-json\/wp\/v2\/media?parent=5193"}],"wp:term":[{"taxonomy":"product_cat","embeddable":true,"href":"https:\/\/vohnabrindes.com.br\/index.php\/wp-json\/wp\/v2\/product_cat?post=5193"},{"taxonomy":"product_tag","embeddable":true,"href":"https:\/\/vohnabrindes.com.br\/index.php\/wp-json\/wp\/v2\/product_tag?post=5193"}],"curies":[{"name":"wp","href":"https:\/\/api.w.org\/{rel}","templated":true}]}}