{"id":5198,"date":"2025-05-30T21:39:55","date_gmt":"2025-05-31T00:39:55","guid":{"rendered":"https:\/\/vohnabrindes.com.br\/?post_type=product&#038;p=5198"},"modified":"2025-05-30T21:39:57","modified_gmt":"2025-05-31T00:39:57","slug":"mini-liquidificador-portatil-personalizado","status":"publish","type":"product","link":"https:\/\/vohnabrindes.com.br\/index.php\/product\/mini-liquidificador-portatil-personalizado\/","title":{"rendered":"Mini liquidificador port\u00e1til personalizado."},"content":{"rendered":"<pre id=\"item_referencia\">14995<\/pre>\n<p class=\"produto-nome\">Garrafa com Misturador 380ml personalizado.<\/p>\n<div class=\"caracs\">\n<div class=\"desc\">\n<p class=\"desc-tit\"><span class=\"desc-sub my-desc-sub\">Mini liquidificador port\u00e1til com capacidade de 380ml. Cont\u00e9m tampa rosque\u00e1vel pl\u00e1stica com al\u00e7a emborrachada para transporte, ventoinha inox 6 l\u00e2minas e base pl\u00e1stica com borrachas antiderrapantes. Acompanha cabo USB. Obs. (Para o funcionamento do produto a quantidade total de frutas\/\u00e1gua adicionadas n\u00e3o deve exceder 300ml).<\/span><\/p>\n<\/div>\n<div class=\"desc\">\n<p class=\"desc-tit\">Altura<span class=\"desc-sub\">\u00a0:\u00a0 20,5 cm<\/span><\/p>\n<\/div>\n<div class=\"desc\">\n<p class=\"desc-tit\">Largura<span class=\"desc-sub\">\u00a0:\u00a0 7,8 cm<\/span><\/p>\n<\/div>\n<div class=\"desc\">\n<p class=\"desc-tit\">Circunfer\u00eancia<span class=\"desc-sub\">\u00a0:\u00a0 24,7 cm<\/span><\/p>\n<\/div>\n<div class=\"desc\">\n<p class=\"desc-tit\">Medidas aproximadas para grava\u00e7\u00e3o<span class=\"desc-sub\">\u00a0(CxL):\u00a0 11,5 cm x 4 cm<\/span><\/p>\n<\/div>\n<div class=\"desc\">\n<p class=\"desc-tit\">Peso aproximado<span class=\"desc-sub\">\u00a0(g):\u00a0 259<\/span><\/p>\n<\/div>\n<\/div>\n","protected":false},"excerpt":{"rendered":"<p>14995 Garrafa com Misturador 380ml personalizado. Mini liquidificador port\u00e1til com capacidade de 380ml. Cont\u00e9m tampa rosque\u00e1vel pl\u00e1stica com al\u00e7a emborrachada para transporte, ventoinha inox 6 l\u00e2minas<span class=\"excerpt-hellip\"> [\u2026]<\/span><\/p>\n","protected":false},"featured_media":2455,"comment_status":"open","ping_status":"closed","template":"","meta":[],"product_cat":[350,129,132],"product_tag":[881,882],"class_list":["post-5198","product","type-product","status-publish","has-post-thumbnail","hentry","product_cat-fitness-e-lazer","product_cat-garrafas-e-squeezes","product_cat-garrafas-termicas-e-kits","product_tag-garrafa-com-misturador-380ml-personalizado","product_tag-mini-liquidificador-portatil-personalizado"],"_links":{"self":[{"href":"https:\/\/vohnabrindes.com.br\/index.php\/wp-json\/wp\/v2\/product\/5198","targetHints":{"allow":["GET"]}}],"collection":[{"href":"https:\/\/vohnabrindes.com.br\/index.php\/wp-json\/wp\/v2\/product"}],"about":[{"href":"https:\/\/vohnabrindes.com.br\/index.php\/wp-json\/wp\/v2\/types\/product"}],"replies":[{"embeddable":true,"href":"https:\/\/vohnabrindes.com.br\/index.php\/wp-json\/wp\/v2\/comments?post=5198"}],"version-history":[{"count":1,"href":"https:\/\/vohnabrindes.com.br\/index.php\/wp-json\/wp\/v2\/product\/5198\/revisions"}],"predecessor-version":[{"id":5228,"href":"https:\/\/vohnabrindes.com.br\/index.php\/wp-json\/wp\/v2\/product\/5198\/revisions\/5228"}],"wp:featuredmedia":[{"embeddable":true,"href":"https:\/\/vohnabrindes.com.br\/index.php\/wp-json\/wp\/v2\/media\/2455"}],"wp:attachment":[{"href":"https:\/\/vohnabrindes.com.br\/index.php\/wp-json\/wp\/v2\/media?parent=5198"}],"wp:term":[{"taxonomy":"product_cat","embeddable":true,"href":"https:\/\/vohnabrindes.com.br\/index.php\/wp-json\/wp\/v2\/product_cat?post=5198"},{"taxonomy":"product_tag","embeddable":true,"href":"https:\/\/vohnabrindes.com.br\/index.php\/wp-json\/wp\/v2\/product_tag?post=5198"}],"curies":[{"name":"wp","href":"https:\/\/api.w.org\/{rel}","templated":true}]}}