{"id":5201,"date":"2025-05-30T21:39:55","date_gmt":"2025-05-31T00:39:55","guid":{"rendered":"https:\/\/vohnabrindes.com.br\/?post_type=product&#038;p=5201"},"modified":"2025-05-30T21:39:57","modified_gmt":"2025-05-31T00:39:57","slug":"bolsa-termica-11-litros-personalizada","status":"publish","type":"product","link":"https:\/\/vohnabrindes.com.br\/index.php\/product\/bolsa-termica-11-litros-personalizada\/","title":{"rendered":"Bolsa T\u00e9rmica 11 Litros Personalizada."},"content":{"rendered":"<pre id=\"item_referencia\">15014<\/pre>\n<p class=\"produto-nome\">Bolsa T\u00e9rmica 11 Litros Personalizada.<\/p>\n<div class=\"caracs\">\n<div class=\"desc\">\n<p class=\"desc-tit\"><span class=\"desc-sub my-desc-sub\">Bolsa t\u00e9rmica 11 Litros de poli\u00e9ster com al\u00e7as para m\u00e3os em nylon. Revestimento interno em polietileno at\u00f3xico.<\/span><\/p>\n<\/div>\n<div class=\"desc\">\n<p class=\"desc-tit\">Altura<span class=\"desc-sub\">\u00a0:\u00a0 21 cm<\/span><\/p>\n<\/div>\n<div class=\"desc\">\n<p class=\"desc-tit\">Largura<span class=\"desc-sub\">\u00a0:\u00a0 30 cm<\/span><\/p>\n<\/div>\n<div class=\"desc\">\n<p class=\"desc-tit\">Profundidade<span class=\"desc-sub\">\u00a0:\u00a0 19 cm<\/span><\/p>\n<\/div>\n<div class=\"desc\">\n<p class=\"desc-tit\">Medidas aproximadas para grava\u00e7\u00e3o<span class=\"desc-sub\">\u00a0(CxL):\u00a0 11 cm x 27 cm<\/span><\/p>\n<\/div>\n<div class=\"desc\">\n<p class=\"desc-tit\">Peso aproximado<span class=\"desc-sub\">\u00a0(g):\u00a0 230<\/span><\/p>\n<\/div>\n<\/div>\n","protected":false},"excerpt":{"rendered":"<p>15014 Bolsa T\u00e9rmica 11 Litros Personalizada. Bolsa t\u00e9rmica 11 Litros de poli\u00e9ster com al\u00e7as para m\u00e3os em nylon. Revestimento interno em polietileno at\u00f3xico. Altura\u00a0:\u00a0 21 cm<span class=\"excerpt-hellip\"> [\u2026]<\/span><\/p>\n","protected":false},"featured_media":2465,"comment_status":"open","ping_status":"closed","template":"","meta":[],"product_cat":[145],"product_tag":[886,358],"class_list":["post-5201","product","type-product","status-publish","has-post-thumbnail","hentry","product_cat-bolsas-termicas-e-coolers","product_tag-bolsa-termica-11-litros-personalizada","product_tag-bolsa-termica-personalizada"],"_links":{"self":[{"href":"https:\/\/vohnabrindes.com.br\/index.php\/wp-json\/wp\/v2\/product\/5201","targetHints":{"allow":["GET"]}}],"collection":[{"href":"https:\/\/vohnabrindes.com.br\/index.php\/wp-json\/wp\/v2\/product"}],"about":[{"href":"https:\/\/vohnabrindes.com.br\/index.php\/wp-json\/wp\/v2\/types\/product"}],"replies":[{"embeddable":true,"href":"https:\/\/vohnabrindes.com.br\/index.php\/wp-json\/wp\/v2\/comments?post=5201"}],"version-history":[{"count":1,"href":"https:\/\/vohnabrindes.com.br\/index.php\/wp-json\/wp\/v2\/product\/5201\/revisions"}],"predecessor-version":[{"id":5232,"href":"https:\/\/vohnabrindes.com.br\/index.php\/wp-json\/wp\/v2\/product\/5201\/revisions\/5232"}],"wp:featuredmedia":[{"embeddable":true,"href":"https:\/\/vohnabrindes.com.br\/index.php\/wp-json\/wp\/v2\/media\/2465"}],"wp:attachment":[{"href":"https:\/\/vohnabrindes.com.br\/index.php\/wp-json\/wp\/v2\/media?parent=5201"}],"wp:term":[{"taxonomy":"product_cat","embeddable":true,"href":"https:\/\/vohnabrindes.com.br\/index.php\/wp-json\/wp\/v2\/product_cat?post=5201"},{"taxonomy":"product_tag","embeddable":true,"href":"https:\/\/vohnabrindes.com.br\/index.php\/wp-json\/wp\/v2\/product_tag?post=5201"}],"curies":[{"name":"wp","href":"https:\/\/api.w.org\/{rel}","templated":true}]}}