{"id":5209,"date":"2025-05-30T21:39:55","date_gmt":"2025-05-31T00:39:55","guid":{"rendered":"https:\/\/vohnabrindes.com.br\/?post_type=product&#038;p=5209"},"modified":"2025-05-30T21:39:58","modified_gmt":"2025-05-31T00:39:58","slug":"bolsa-termica-dupla-6-litros-personalizada","status":"publish","type":"product","link":"https:\/\/vohnabrindes.com.br\/index.php\/product\/bolsa-termica-dupla-6-litros-personalizada\/","title":{"rendered":"Bolsa T\u00e9rmica Dupla 6 Litros Personalizada."},"content":{"rendered":"<pre id=\"item_referencia\">06022<\/pre>\n<p class=\"produto-nome\">Bolsa T\u00e9rmica Dupla 6 Litros Personalizada.<\/p>\n<div class=\"caracs\">\n<div class=\"desc\">\n<p class=\"desc-tit\">\u00a0<span class=\"desc-sub my-desc-sub\">Bolsa t\u00e9rmica dupla em oxford com dois compartimentos t\u00e9rmicos isolados, capacidade de 6 litros.<\/span><\/p>\n<p class=\"desc-tit\"><span class=\"desc-sub my-desc-sub\"> Cont\u00e9m al\u00e7as de m\u00e3os.<\/span><\/p>\n<\/div>\n<div class=\"desc\">\n<p class=\"desc-tit\">Altura<span class=\"desc-sub\">\u00a0:\u00a0 24 cm<\/span><\/p>\n<\/div>\n<div class=\"desc\">\n<p class=\"desc-tit\">Largura<span class=\"desc-sub\">\u00a0:\u00a0 24 cm<\/span><\/p>\n<\/div>\n<div class=\"desc\">\n<p class=\"desc-tit\">Profundidade<span class=\"desc-sub\">\u00a0:\u00a0 15,5 cm<\/span><\/p>\n<\/div>\n<div class=\"desc\">\n<p class=\"desc-tit\">Medidas aproximadas para grava\u00e7\u00e3o<span class=\"desc-sub\">\u00a0(CxL):\u00a0 7 cm x 14 cm<\/span><\/p>\n<\/div>\n<div class=\"desc\">\n<p class=\"desc-tit\">Peso aproximado<span class=\"desc-sub\">\u00a0(g):\u00a0 185<\/span><\/p>\n<\/div>\n<\/div>\n","protected":false},"excerpt":{"rendered":"<p>06022 Bolsa T\u00e9rmica Dupla 6 Litros Personalizada. \u00a0Bolsa t\u00e9rmica dupla em oxford com dois compartimentos t\u00e9rmicos isolados, capacidade de 6 litros. Cont\u00e9m al\u00e7as de m\u00e3os. Altura\u00a0:\u00a0<span class=\"excerpt-hellip\"> [\u2026]<\/span><\/p>\n","protected":false},"featured_media":2490,"comment_status":"open","ping_status":"closed","template":"","meta":[],"product_cat":[145],"product_tag":[891,358],"class_list":["post-5209","product","type-product","status-publish","has-post-thumbnail","hentry","product_cat-bolsas-termicas-e-coolers","product_tag-bolsa-termica-dupla-6-litros-personalizada","product_tag-bolsa-termica-personalizada"],"_links":{"self":[{"href":"https:\/\/vohnabrindes.com.br\/index.php\/wp-json\/wp\/v2\/product\/5209","targetHints":{"allow":["GET"]}}],"collection":[{"href":"https:\/\/vohnabrindes.com.br\/index.php\/wp-json\/wp\/v2\/product"}],"about":[{"href":"https:\/\/vohnabrindes.com.br\/index.php\/wp-json\/wp\/v2\/types\/product"}],"replies":[{"embeddable":true,"href":"https:\/\/vohnabrindes.com.br\/index.php\/wp-json\/wp\/v2\/comments?post=5209"}],"version-history":[{"count":1,"href":"https:\/\/vohnabrindes.com.br\/index.php\/wp-json\/wp\/v2\/product\/5209\/revisions"}],"predecessor-version":[{"id":5240,"href":"https:\/\/vohnabrindes.com.br\/index.php\/wp-json\/wp\/v2\/product\/5209\/revisions\/5240"}],"wp:featuredmedia":[{"embeddable":true,"href":"https:\/\/vohnabrindes.com.br\/index.php\/wp-json\/wp\/v2\/media\/2490"}],"wp:attachment":[{"href":"https:\/\/vohnabrindes.com.br\/index.php\/wp-json\/wp\/v2\/media?parent=5209"}],"wp:term":[{"taxonomy":"product_cat","embeddable":true,"href":"https:\/\/vohnabrindes.com.br\/index.php\/wp-json\/wp\/v2\/product_cat?post=5209"},{"taxonomy":"product_tag","embeddable":true,"href":"https:\/\/vohnabrindes.com.br\/index.php\/wp-json\/wp\/v2\/product_tag?post=5209"}],"curies":[{"name":"wp","href":"https:\/\/api.w.org\/{rel}","templated":true}]}}