{"id":5210,"date":"2025-05-30T21:39:55","date_gmt":"2025-05-31T00:39:55","guid":{"rendered":"https:\/\/vohnabrindes.com.br\/?post_type=product&#038;p=5210"},"modified":"2025-05-30T21:39:58","modified_gmt":"2025-05-31T00:39:58","slug":"bolsa-termica-personalizada-8","status":"publish","type":"product","link":"https:\/\/vohnabrindes.com.br\/index.php\/product\/bolsa-termica-personalizada-8\/","title":{"rendered":"Bolsa t\u00e9rmica personalizada."},"content":{"rendered":"<p>Bolsa t\u00e9rmica confeccionada em poli\u00e9ster 600<br \/>\ncom al\u00e7a de ombro regul\u00e1vel e bolsos externos em telinha.<br \/>\nMedidas: 26,7 x 23 x15 cm.<br \/>\ncor: a escolher<\/p>\n<p>NCM 42022900<\/p>\n<p>m\u00ednimo 100 pe\u00e7as<\/p>\n","protected":false},"excerpt":{"rendered":"<p>Bolsa t\u00e9rmica confeccionada em poli\u00e9ster 600 com al\u00e7a de ombro regul\u00e1vel e bolsos externos em telinha. Medidas: 26,7 x 23 x15 cm. cor: a escolher NCM<span class=\"excerpt-hellip\"> [\u2026]<\/span><\/p>\n","protected":false},"featured_media":2492,"comment_status":"open","ping_status":"closed","template":"","meta":[],"product_cat":[145],"product_tag":[358],"class_list":["post-5210","product","type-product","status-publish","has-post-thumbnail","hentry","product_cat-bolsas-termicas-e-coolers","product_tag-bolsa-termica-personalizada"],"_links":{"self":[{"href":"https:\/\/vohnabrindes.com.br\/index.php\/wp-json\/wp\/v2\/product\/5210","targetHints":{"allow":["GET"]}}],"collection":[{"href":"https:\/\/vohnabrindes.com.br\/index.php\/wp-json\/wp\/v2\/product"}],"about":[{"href":"https:\/\/vohnabrindes.com.br\/index.php\/wp-json\/wp\/v2\/types\/product"}],"replies":[{"embeddable":true,"href":"https:\/\/vohnabrindes.com.br\/index.php\/wp-json\/wp\/v2\/comments?post=5210"}],"version-history":[{"count":1,"href":"https:\/\/vohnabrindes.com.br\/index.php\/wp-json\/wp\/v2\/product\/5210\/revisions"}],"predecessor-version":[{"id":5241,"href":"https:\/\/vohnabrindes.com.br\/index.php\/wp-json\/wp\/v2\/product\/5210\/revisions\/5241"}],"wp:featuredmedia":[{"embeddable":true,"href":"https:\/\/vohnabrindes.com.br\/index.php\/wp-json\/wp\/v2\/media\/2492"}],"wp:attachment":[{"href":"https:\/\/vohnabrindes.com.br\/index.php\/wp-json\/wp\/v2\/media?parent=5210"}],"wp:term":[{"taxonomy":"product_cat","embeddable":true,"href":"https:\/\/vohnabrindes.com.br\/index.php\/wp-json\/wp\/v2\/product_cat?post=5210"},{"taxonomy":"product_tag","embeddable":true,"href":"https:\/\/vohnabrindes.com.br\/index.php\/wp-json\/wp\/v2\/product_tag?post=5210"}],"curies":[{"name":"wp","href":"https:\/\/api.w.org\/{rel}","templated":true}]}}