{"id":5211,"date":"2025-05-30T21:39:56","date_gmt":"2025-05-31T00:39:56","guid":{"rendered":"https:\/\/vohnabrindes.com.br\/?post_type=product&#038;p=5211"},"modified":"2025-05-30T21:39:58","modified_gmt":"2025-05-31T00:39:58","slug":"bolsa-termica-estilo-cooler-dobravel","status":"publish","type":"product","link":"https:\/\/vohnabrindes.com.br\/index.php\/product\/bolsa-termica-estilo-cooler-dobravel\/","title":{"rendered":"bolsa t\u00e9rmica estilo cooler dobr\u00e1vel."},"content":{"rendered":"<p class=\"xxxxmsonormal\"><span style=\"font-size: 11.0pt; font-family: 'Calibri',sans-serif;\">bolsa t\u00e9rmica estilo cooler dobr\u00e1vel<\/span><\/p>\n<p class=\"xxxxmsonormal\"><span style=\"font-size: 11.0pt; font-family: 'Calibri',sans-serif;\">confeccionada em nylon imperme\u00e1vel.<\/span><\/p>\n<p>cor a escolher<\/p>\n<p>m\u00ednimo 100 pe\u00e7as<\/p>\n<p>dimens\u00f5es: 25 x 19 x 25cm<\/p>\n","protected":false},"excerpt":{"rendered":"<p>bolsa t\u00e9rmica estilo cooler dobr\u00e1vel confeccionada em nylon imperme\u00e1vel. cor a escolher m\u00ednimo 100 pe\u00e7as dimens\u00f5es: 25 x 19 x 25cm<\/p>\n","protected":false},"featured_media":2494,"comment_status":"open","ping_status":"closed","template":"","meta":[],"product_cat":[145],"product_tag":[367,892,358],"class_list":["post-5211","product","type-product","status-publish","has-post-thumbnail","hentry","product_cat-bolsas-termicas-e-coolers","product_tag-bolsa-termica-dobravel-personalizada","product_tag-bolsa-termica-estilo-cooler-dobravel","product_tag-bolsa-termica-personalizada"],"_links":{"self":[{"href":"https:\/\/vohnabrindes.com.br\/index.php\/wp-json\/wp\/v2\/product\/5211","targetHints":{"allow":["GET"]}}],"collection":[{"href":"https:\/\/vohnabrindes.com.br\/index.php\/wp-json\/wp\/v2\/product"}],"about":[{"href":"https:\/\/vohnabrindes.com.br\/index.php\/wp-json\/wp\/v2\/types\/product"}],"replies":[{"embeddable":true,"href":"https:\/\/vohnabrindes.com.br\/index.php\/wp-json\/wp\/v2\/comments?post=5211"}],"version-history":[{"count":1,"href":"https:\/\/vohnabrindes.com.br\/index.php\/wp-json\/wp\/v2\/product\/5211\/revisions"}],"predecessor-version":[{"id":5242,"href":"https:\/\/vohnabrindes.com.br\/index.php\/wp-json\/wp\/v2\/product\/5211\/revisions\/5242"}],"wp:featuredmedia":[{"embeddable":true,"href":"https:\/\/vohnabrindes.com.br\/index.php\/wp-json\/wp\/v2\/media\/2494"}],"wp:attachment":[{"href":"https:\/\/vohnabrindes.com.br\/index.php\/wp-json\/wp\/v2\/media?parent=5211"}],"wp:term":[{"taxonomy":"product_cat","embeddable":true,"href":"https:\/\/vohnabrindes.com.br\/index.php\/wp-json\/wp\/v2\/product_cat?post=5211"},{"taxonomy":"product_tag","embeddable":true,"href":"https:\/\/vohnabrindes.com.br\/index.php\/wp-json\/wp\/v2\/product_tag?post=5211"}],"curies":[{"name":"wp","href":"https:\/\/api.w.org\/{rel}","templated":true}]}}