{"id":5214,"date":"2025-05-30T21:39:56","date_gmt":"2025-05-31T00:39:56","guid":{"rendered":"https:\/\/vohnabrindes.com.br\/?post_type=product&#038;p=5214"},"modified":"2025-05-30T21:39:58","modified_gmt":"2025-05-31T00:39:58","slug":"bolsa-termica-personalizada-10","status":"publish","type":"product","link":"https:\/\/vohnabrindes.com.br\/index.php\/product\/bolsa-termica-personalizada-10\/","title":{"rendered":"Bolsa t\u00e9rmica personalizada."},"content":{"rendered":"<p>Bolsa T\u00e9rmica pequena, em nylon 70,<\/p>\n<p>com al\u00e7a de m\u00e3o e personalizada em silk.<\/p>\n<p>Nas medidas:\u00a019,5 de comprimento, altura 18cm e largura 15cm-<\/p>\n<p>cor: a escolher<\/p>\n<p>m\u00ednimo 100 pe\u00e7as<\/p>\n","protected":false},"excerpt":{"rendered":"<p>Bolsa T\u00e9rmica pequena, em nylon 70, com al\u00e7a de m\u00e3o e personalizada em silk. Nas medidas:\u00a019,5 de comprimento, altura 18cm e largura 15cm- cor: a escolher<span class=\"excerpt-hellip\"> [\u2026]<\/span><\/p>\n","protected":false},"featured_media":2500,"comment_status":"open","ping_status":"closed","template":"","meta":[],"product_cat":[145],"product_tag":[358],"class_list":["post-5214","product","type-product","status-publish","has-post-thumbnail","hentry","product_cat-bolsas-termicas-e-coolers","product_tag-bolsa-termica-personalizada"],"_links":{"self":[{"href":"https:\/\/vohnabrindes.com.br\/index.php\/wp-json\/wp\/v2\/product\/5214","targetHints":{"allow":["GET"]}}],"collection":[{"href":"https:\/\/vohnabrindes.com.br\/index.php\/wp-json\/wp\/v2\/product"}],"about":[{"href":"https:\/\/vohnabrindes.com.br\/index.php\/wp-json\/wp\/v2\/types\/product"}],"replies":[{"embeddable":true,"href":"https:\/\/vohnabrindes.com.br\/index.php\/wp-json\/wp\/v2\/comments?post=5214"}],"version-history":[{"count":1,"href":"https:\/\/vohnabrindes.com.br\/index.php\/wp-json\/wp\/v2\/product\/5214\/revisions"}],"predecessor-version":[{"id":5245,"href":"https:\/\/vohnabrindes.com.br\/index.php\/wp-json\/wp\/v2\/product\/5214\/revisions\/5245"}],"wp:featuredmedia":[{"embeddable":true,"href":"https:\/\/vohnabrindes.com.br\/index.php\/wp-json\/wp\/v2\/media\/2500"}],"wp:attachment":[{"href":"https:\/\/vohnabrindes.com.br\/index.php\/wp-json\/wp\/v2\/media?parent=5214"}],"wp:term":[{"taxonomy":"product_cat","embeddable":true,"href":"https:\/\/vohnabrindes.com.br\/index.php\/wp-json\/wp\/v2\/product_cat?post=5214"},{"taxonomy":"product_tag","embeddable":true,"href":"https:\/\/vohnabrindes.com.br\/index.php\/wp-json\/wp\/v2\/product_tag?post=5214"}],"curies":[{"name":"wp","href":"https:\/\/api.w.org\/{rel}","templated":true}]}}