{"id":5215,"date":"2025-05-30T21:39:56","date_gmt":"2025-05-31T00:39:56","guid":{"rendered":"https:\/\/vohnabrindes.com.br\/?post_type=product&#038;p=5215"},"modified":"2025-05-30T21:39:58","modified_gmt":"2025-05-31T00:39:58","slug":"bolsa-termica-personalizada-11","status":"publish","type":"product","link":"https:\/\/vohnabrindes.com.br\/index.php\/product\/bolsa-termica-personalizada-11\/","title":{"rendered":"Bolsa t\u00e9rmica personalizada."},"content":{"rendered":"<p>Bolsa T\u00e9rmica com duas divis\u00f3rias confeccionado em poli\u00e9ster.<br \/>\nMedidas: 19 x 14 x 24,5 cm<br \/>\ncor: a escolher<\/p>\n<p>m\u00ednimo 100 pe\u00e7as<\/p>\n","protected":false},"excerpt":{"rendered":"<p>Bolsa T\u00e9rmica com duas divis\u00f3rias confeccionado em poli\u00e9ster. Medidas: 19 x 14 x 24,5 cm cor: a escolher m\u00ednimo 100 pe\u00e7as<\/p>\n","protected":false},"featured_media":2508,"comment_status":"open","ping_status":"closed","template":"","meta":[],"product_cat":[145],"product_tag":[895,896,358,897],"class_list":["post-5215","product","type-product","status-publish","has-post-thumbnail","hentry","product_cat-bolsas-termicas-e-coolers","product_tag-5-cm-cor-a-escolher","product_tag-bolsa-termica-com-duas-divisorias-confeccionado-em-poliester-medidas-19-x-14-x-24","product_tag-bolsa-termica-personalizada","product_tag-lancheira-termica-personallizada"],"_links":{"self":[{"href":"https:\/\/vohnabrindes.com.br\/index.php\/wp-json\/wp\/v2\/product\/5215","targetHints":{"allow":["GET"]}}],"collection":[{"href":"https:\/\/vohnabrindes.com.br\/index.php\/wp-json\/wp\/v2\/product"}],"about":[{"href":"https:\/\/vohnabrindes.com.br\/index.php\/wp-json\/wp\/v2\/types\/product"}],"replies":[{"embeddable":true,"href":"https:\/\/vohnabrindes.com.br\/index.php\/wp-json\/wp\/v2\/comments?post=5215"}],"version-history":[{"count":1,"href":"https:\/\/vohnabrindes.com.br\/index.php\/wp-json\/wp\/v2\/product\/5215\/revisions"}],"predecessor-version":[{"id":5246,"href":"https:\/\/vohnabrindes.com.br\/index.php\/wp-json\/wp\/v2\/product\/5215\/revisions\/5246"}],"wp:featuredmedia":[{"embeddable":true,"href":"https:\/\/vohnabrindes.com.br\/index.php\/wp-json\/wp\/v2\/media\/2508"}],"wp:attachment":[{"href":"https:\/\/vohnabrindes.com.br\/index.php\/wp-json\/wp\/v2\/media?parent=5215"}],"wp:term":[{"taxonomy":"product_cat","embeddable":true,"href":"https:\/\/vohnabrindes.com.br\/index.php\/wp-json\/wp\/v2\/product_cat?post=5215"},{"taxonomy":"product_tag","embeddable":true,"href":"https:\/\/vohnabrindes.com.br\/index.php\/wp-json\/wp\/v2\/product_tag?post=5215"}],"curies":[{"name":"wp","href":"https:\/\/api.w.org\/{rel}","templated":true}]}}