{"id":5254,"date":"2025-05-30T21:40:01","date_gmt":"2025-05-31T00:40:01","guid":{"rendered":"https:\/\/vohnabrindes.com.br\/?post_type=product&#038;p=5254"},"modified":"2025-05-30T21:40:03","modified_gmt":"2025-05-31T00:40:03","slug":"caneta-metalica-touch-personalizada","status":"publish","type":"product","link":"https:\/\/vohnabrindes.com.br\/index.php\/product\/caneta-metalica-touch-personalizada\/","title":{"rendered":"Caneta Met\u00e1lica touch personalizada."},"content":{"rendered":"<pre class=\"mb-3\">CM3840<\/pre>\n<pre class=\"mb-3\">Caneta Met\u00e1lica touch personalizada.<\/pre>\n<div class=\"d-block\">\n<div>\n<p>Caneta esferogr\u00e1fica em alum\u00ednio reciclavel com escrita em azul.\u00a0Refil tipo parker com ponta touch emborrachada.<\/p>\n<\/div>\n<\/div>\n","protected":false},"excerpt":{"rendered":"<p>CM3840 Caneta Met\u00e1lica touch personalizada. Caneta esferogr\u00e1fica em alum\u00ednio reciclavel com escrita em azul.\u00a0Refil tipo parker com ponta touch emborrachada.<\/p>\n","protected":false},"featured_media":2528,"comment_status":"open","ping_status":"closed","template":"","meta":[],"product_cat":[530,383],"product_tag":[902,221],"class_list":["post-5254","product","type-product","status-publish","has-post-thumbnail","hentry","product_cat-canetas-de-metal","product_cat-canetas-eco","product_tag-caneta-metalica-touch-personalizada","product_tag-caneta-personalizada"],"_links":{"self":[{"href":"https:\/\/vohnabrindes.com.br\/index.php\/wp-json\/wp\/v2\/product\/5254","targetHints":{"allow":["GET"]}}],"collection":[{"href":"https:\/\/vohnabrindes.com.br\/index.php\/wp-json\/wp\/v2\/product"}],"about":[{"href":"https:\/\/vohnabrindes.com.br\/index.php\/wp-json\/wp\/v2\/types\/product"}],"replies":[{"embeddable":true,"href":"https:\/\/vohnabrindes.com.br\/index.php\/wp-json\/wp\/v2\/comments?post=5254"}],"version-history":[{"count":1,"href":"https:\/\/vohnabrindes.com.br\/index.php\/wp-json\/wp\/v2\/product\/5254\/revisions"}],"predecessor-version":[{"id":5284,"href":"https:\/\/vohnabrindes.com.br\/index.php\/wp-json\/wp\/v2\/product\/5254\/revisions\/5284"}],"wp:featuredmedia":[{"embeddable":true,"href":"https:\/\/vohnabrindes.com.br\/index.php\/wp-json\/wp\/v2\/media\/2528"}],"wp:attachment":[{"href":"https:\/\/vohnabrindes.com.br\/index.php\/wp-json\/wp\/v2\/media?parent=5254"}],"wp:term":[{"taxonomy":"product_cat","embeddable":true,"href":"https:\/\/vohnabrindes.com.br\/index.php\/wp-json\/wp\/v2\/product_cat?post=5254"},{"taxonomy":"product_tag","embeddable":true,"href":"https:\/\/vohnabrindes.com.br\/index.php\/wp-json\/wp\/v2\/product_tag?post=5254"}],"curies":[{"name":"wp","href":"https:\/\/api.w.org\/{rel}","templated":true}]}}