{"id":5262,"date":"2025-05-30T21:40:01","date_gmt":"2025-05-31T00:40:01","guid":{"rendered":"https:\/\/vohnabrindes.com.br\/?post_type=product&#038;p=5262"},"modified":"2025-05-30T21:40:03","modified_gmt":"2025-05-31T00:40:03","slug":"caneta-plastica-touch-personalizada-5","status":"publish","type":"product","link":"https:\/\/vohnabrindes.com.br\/index.php\/product\/caneta-plastica-touch-personalizada-5\/","title":{"rendered":"Caneta Pl\u00e1stica Touch Personalizada."},"content":{"rendered":"<pre id=\"item_referencia\">05073<\/pre>\n<p class=\"produto-nome\">Caneta Pl\u00e1stica Touch.<\/p>\n<div class=\"caracs\">\n<div class=\"desc\">\n<p class=\"desc-tit\"><span class=\"desc-sub my-desc-sub\">Caneta pl\u00e1stica com touch screen e detalhes em cristal, acionamento por rota\u00e7\u00e3o e carga esferogr\u00e1fica azul 1mm.<\/span><\/p>\n<\/div>\n<div class=\"desc\">\n<p class=\"desc-tit\">Altura<span class=\"desc-sub\">\u00a0:\u00a0 14,4 cm<\/span><\/p>\n<\/div>\n<div class=\"desc\">\n<p class=\"desc-tit\">Largura<span class=\"desc-sub\">\u00a0:\u00a0 1,4 cm<\/span><\/p>\n<\/div>\n<div class=\"desc\">\n<p class=\"desc-tit\">Medidas aproximadas para grava\u00e7\u00e3o<span class=\"desc-sub\">\u00a0(CxL):\u00a0 3,5 cm x 0,5 cm<\/span><\/p>\n<\/div>\n<div class=\"desc\">\n<p class=\"desc-tit\">Peso aproximado<span class=\"desc-sub\">\u00a0(g):\u00a0 10<\/span><\/p>\n<\/div>\n<\/div>\n","protected":false},"excerpt":{"rendered":"<p>05073 Caneta Pl\u00e1stica Touch. Caneta pl\u00e1stica com touch screen e detalhes em cristal, acionamento por rota\u00e7\u00e3o e carga esferogr\u00e1fica azul 1mm. Altura\u00a0:\u00a0 14,4 cm Largura\u00a0:\u00a0 1,4<span class=\"excerpt-hellip\"> [\u2026]<\/span><\/p>\n","protected":false},"featured_media":2553,"comment_status":"open","ping_status":"closed","template":"","meta":[],"product_cat":[220],"product_tag":[766,519,521,224],"class_list":["post-5262","product","type-product","status-publish","has-post-thumbnail","hentry","product_cat-canetas-plasticas","product_tag-caneta-multifuncoes-personalizada","product_tag-caneta-plastica-personalizada","product_tag-caneta-plastica-touch","product_tag-caneta-plastica-touch-com-suporte-personalizada"],"_links":{"self":[{"href":"https:\/\/vohnabrindes.com.br\/index.php\/wp-json\/wp\/v2\/product\/5262","targetHints":{"allow":["GET"]}}],"collection":[{"href":"https:\/\/vohnabrindes.com.br\/index.php\/wp-json\/wp\/v2\/product"}],"about":[{"href":"https:\/\/vohnabrindes.com.br\/index.php\/wp-json\/wp\/v2\/types\/product"}],"replies":[{"embeddable":true,"href":"https:\/\/vohnabrindes.com.br\/index.php\/wp-json\/wp\/v2\/comments?post=5262"}],"version-history":[{"count":1,"href":"https:\/\/vohnabrindes.com.br\/index.php\/wp-json\/wp\/v2\/product\/5262\/revisions"}],"predecessor-version":[{"id":5292,"href":"https:\/\/vohnabrindes.com.br\/index.php\/wp-json\/wp\/v2\/product\/5262\/revisions\/5292"}],"wp:featuredmedia":[{"embeddable":true,"href":"https:\/\/vohnabrindes.com.br\/index.php\/wp-json\/wp\/v2\/media\/2553"}],"wp:attachment":[{"href":"https:\/\/vohnabrindes.com.br\/index.php\/wp-json\/wp\/v2\/media?parent=5262"}],"wp:term":[{"taxonomy":"product_cat","embeddable":true,"href":"https:\/\/vohnabrindes.com.br\/index.php\/wp-json\/wp\/v2\/product_cat?post=5262"},{"taxonomy":"product_tag","embeddable":true,"href":"https:\/\/vohnabrindes.com.br\/index.php\/wp-json\/wp\/v2\/product_tag?post=5262"}],"curies":[{"name":"wp","href":"https:\/\/api.w.org\/{rel}","templated":true}]}}