{"id":5264,"date":"2025-05-30T21:40:01","date_gmt":"2025-05-31T00:40:01","guid":{"rendered":"https:\/\/vohnabrindes.com.br\/?post_type=product&#038;p=5264"},"modified":"2025-05-30T21:40:04","modified_gmt":"2025-05-31T00:40:04","slug":"caneta-metalica-touch-personalizada-3","status":"publish","type":"product","link":"https:\/\/vohnabrindes.com.br\/index.php\/product\/caneta-metalica-touch-personalizada-3\/","title":{"rendered":"Caneta Met\u00e1lica Touch personalizada."},"content":{"rendered":"<pre class=\"mb-3\">CM3820\r\nCaneta Met\u00e1lica Touch personalizada.<\/pre>\n<div class=\"d-block\">\n<div>\n<p>Caneta esferogr\u00e1fica em alum\u00ednio reciclavel com escrita em azul. Refil tipo parker e ponta touch emborrachada.<\/p>\n<\/div>\n<\/div>\n","protected":false},"excerpt":{"rendered":"<p>CM3820 Caneta Met\u00e1lica Touch personalizada. Caneta esferogr\u00e1fica em alum\u00ednio reciclavel com escrita em azul. Refil tipo parker e ponta touch emborrachada.<\/p>\n","protected":false},"featured_media":2561,"comment_status":"open","ping_status":"closed","template":"","meta":[],"product_cat":[530,383],"product_tag":[549,902,766],"class_list":["post-5264","product","type-product","status-publish","has-post-thumbnail","hentry","product_cat-canetas-de-metal","product_cat-canetas-eco","product_tag-caneta-metalica-personalizada","product_tag-caneta-metalica-touch-personalizada","product_tag-caneta-multifuncoes-personalizada"],"_links":{"self":[{"href":"https:\/\/vohnabrindes.com.br\/index.php\/wp-json\/wp\/v2\/product\/5264","targetHints":{"allow":["GET"]}}],"collection":[{"href":"https:\/\/vohnabrindes.com.br\/index.php\/wp-json\/wp\/v2\/product"}],"about":[{"href":"https:\/\/vohnabrindes.com.br\/index.php\/wp-json\/wp\/v2\/types\/product"}],"replies":[{"embeddable":true,"href":"https:\/\/vohnabrindes.com.br\/index.php\/wp-json\/wp\/v2\/comments?post=5264"}],"version-history":[{"count":1,"href":"https:\/\/vohnabrindes.com.br\/index.php\/wp-json\/wp\/v2\/product\/5264\/revisions"}],"predecessor-version":[{"id":5294,"href":"https:\/\/vohnabrindes.com.br\/index.php\/wp-json\/wp\/v2\/product\/5264\/revisions\/5294"}],"wp:featuredmedia":[{"embeddable":true,"href":"https:\/\/vohnabrindes.com.br\/index.php\/wp-json\/wp\/v2\/media\/2561"}],"wp:attachment":[{"href":"https:\/\/vohnabrindes.com.br\/index.php\/wp-json\/wp\/v2\/media?parent=5264"}],"wp:term":[{"taxonomy":"product_cat","embeddable":true,"href":"https:\/\/vohnabrindes.com.br\/index.php\/wp-json\/wp\/v2\/product_cat?post=5264"},{"taxonomy":"product_tag","embeddable":true,"href":"https:\/\/vohnabrindes.com.br\/index.php\/wp-json\/wp\/v2\/product_tag?post=5264"}],"curies":[{"name":"wp","href":"https:\/\/api.w.org\/{rel}","templated":true}]}}