{"id":5267,"date":"2025-05-30T21:40:02","date_gmt":"2025-05-31T00:40:02","guid":{"rendered":"https:\/\/vohnabrindes.com.br\/?post_type=product&#038;p=5267"},"modified":"2025-05-30T21:40:04","modified_gmt":"2025-05-31T00:40:04","slug":"caneta-esferografica-metal-com-touch-personalizada","status":"publish","type":"product","link":"https:\/\/vohnabrindes.com.br\/index.php\/product\/caneta-esferografica-metal-com-touch-personalizada\/","title":{"rendered":"Caneta Esferogr\u00e1fica metal com touch personalizada."},"content":{"rendered":"<div class=\"ref\">81144-JULIE.<\/div>\n<div class=\"ref\">Caneta Esferogr\u00e1fica metal com touch personalizada.<\/div>\n<div class=\"texto\">Esferogr\u00e1fica em metal com ponteira touch e mecanismo twist.<\/div>\n<div class=\"texto\">Fornecida com estojo . \u00f810 x 141 mm | Estojo: 150 x 15 x 19 mm<\/div>\n","protected":false},"excerpt":{"rendered":"<p>81144-JULIE. Caneta Esferogr\u00e1fica metal com touch personalizada. Esferogr\u00e1fica em metal com ponteira touch e mecanismo twist. Fornecida com estojo . \u00f810 x 141 mm | Estojo:<span class=\"excerpt-hellip\"> [\u2026]<\/span><\/p>\n","protected":false},"featured_media":2567,"comment_status":"open","ping_status":"closed","template":"","meta":[],"product_cat":[530],"product_tag":[905,531,766],"class_list":["post-5267","product","type-product","status-publish","has-post-thumbnail","hentry","product_cat-canetas-de-metal","product_tag-caneta-esferografica-metal-com-touch-personalizada","product_tag-caneta-metal","product_tag-caneta-multifuncoes-personalizada"],"_links":{"self":[{"href":"https:\/\/vohnabrindes.com.br\/index.php\/wp-json\/wp\/v2\/product\/5267","targetHints":{"allow":["GET"]}}],"collection":[{"href":"https:\/\/vohnabrindes.com.br\/index.php\/wp-json\/wp\/v2\/product"}],"about":[{"href":"https:\/\/vohnabrindes.com.br\/index.php\/wp-json\/wp\/v2\/types\/product"}],"replies":[{"embeddable":true,"href":"https:\/\/vohnabrindes.com.br\/index.php\/wp-json\/wp\/v2\/comments?post=5267"}],"version-history":[{"count":1,"href":"https:\/\/vohnabrindes.com.br\/index.php\/wp-json\/wp\/v2\/product\/5267\/revisions"}],"predecessor-version":[{"id":5297,"href":"https:\/\/vohnabrindes.com.br\/index.php\/wp-json\/wp\/v2\/product\/5267\/revisions\/5297"}],"wp:featuredmedia":[{"embeddable":true,"href":"https:\/\/vohnabrindes.com.br\/index.php\/wp-json\/wp\/v2\/media\/2567"}],"wp:attachment":[{"href":"https:\/\/vohnabrindes.com.br\/index.php\/wp-json\/wp\/v2\/media?parent=5267"}],"wp:term":[{"taxonomy":"product_cat","embeddable":true,"href":"https:\/\/vohnabrindes.com.br\/index.php\/wp-json\/wp\/v2\/product_cat?post=5267"},{"taxonomy":"product_tag","embeddable":true,"href":"https:\/\/vohnabrindes.com.br\/index.php\/wp-json\/wp\/v2\/product_tag?post=5267"}],"curies":[{"name":"wp","href":"https:\/\/api.w.org\/{rel}","templated":true}]}}