{"id":5268,"date":"2025-05-30T21:40:02","date_gmt":"2025-05-31T00:40:02","guid":{"rendered":"https:\/\/vohnabrindes.com.br\/?post_type=product&#038;p=5268"},"modified":"2025-05-30T21:40:04","modified_gmt":"2025-05-31T00:40:04","slug":"caneta-esferografica-metal-com-ponta-touch-personalizada","status":"publish","type":"product","link":"https:\/\/vohnabrindes.com.br\/index.php\/product\/caneta-esferografica-metal-com-ponta-touch-personalizada\/","title":{"rendered":"Caneta Esferogr\u00e1fica metal com ponta touch personalizada."},"content":{"rendered":"<div class=\"ref\">91476-SHANGHAI.<\/div>\n<div class=\"ref\">Caneta Esferogr\u00e1fica metal com ponta touch personalizada.<\/div>\n<div class=\"texto\">Esferogr\u00e1fica em alum\u00ednio com ponteira touch. At\u00e9 2 km de escrita. \u00f811 x 140 mm<\/div>\n","protected":false},"excerpt":{"rendered":"<p>91476-SHANGHAI. Caneta Esferogr\u00e1fica metal com ponta touch personalizada. Esferogr\u00e1fica em alum\u00ednio com ponteira touch. At\u00e9 2 km de escrita. \u00f811 x 140 mm<\/p>\n","protected":false},"featured_media":2574,"comment_status":"open","ping_status":"closed","template":"","meta":[],"product_cat":[530],"product_tag":[906,766,901],"class_list":["post-5268","product","type-product","status-publish","has-post-thumbnail","hentry","product_cat-canetas-de-metal","product_tag-caneta-esferografica-metal-com-ponta-touch-personalizada","product_tag-caneta-multifuncoes-personalizada","product_tag-caneta-touch-metal-personalizada"],"_links":{"self":[{"href":"https:\/\/vohnabrindes.com.br\/index.php\/wp-json\/wp\/v2\/product\/5268","targetHints":{"allow":["GET"]}}],"collection":[{"href":"https:\/\/vohnabrindes.com.br\/index.php\/wp-json\/wp\/v2\/product"}],"about":[{"href":"https:\/\/vohnabrindes.com.br\/index.php\/wp-json\/wp\/v2\/types\/product"}],"replies":[{"embeddable":true,"href":"https:\/\/vohnabrindes.com.br\/index.php\/wp-json\/wp\/v2\/comments?post=5268"}],"version-history":[{"count":1,"href":"https:\/\/vohnabrindes.com.br\/index.php\/wp-json\/wp\/v2\/product\/5268\/revisions"}],"predecessor-version":[{"id":5298,"href":"https:\/\/vohnabrindes.com.br\/index.php\/wp-json\/wp\/v2\/product\/5268\/revisions\/5298"}],"wp:featuredmedia":[{"embeddable":true,"href":"https:\/\/vohnabrindes.com.br\/index.php\/wp-json\/wp\/v2\/media\/2574"}],"wp:attachment":[{"href":"https:\/\/vohnabrindes.com.br\/index.php\/wp-json\/wp\/v2\/media?parent=5268"}],"wp:term":[{"taxonomy":"product_cat","embeddable":true,"href":"https:\/\/vohnabrindes.com.br\/index.php\/wp-json\/wp\/v2\/product_cat?post=5268"},{"taxonomy":"product_tag","embeddable":true,"href":"https:\/\/vohnabrindes.com.br\/index.php\/wp-json\/wp\/v2\/product_tag?post=5268"}],"curies":[{"name":"wp","href":"https:\/\/api.w.org\/{rel}","templated":true}]}}