{"id":5270,"date":"2025-05-30T21:40:02","date_gmt":"2025-05-31T00:40:02","guid":{"rendered":"https:\/\/vohnabrindes.com.br\/?post_type=product&#038;p=5270"},"modified":"2025-05-30T21:40:04","modified_gmt":"2025-05-31T00:40:04","slug":"caneta-touch-metal-personalizada-2","status":"publish","type":"product","link":"https:\/\/vohnabrindes.com.br\/index.php\/product\/caneta-touch-metal-personalizada-2\/","title":{"rendered":"Caneta touch metal personalizada."},"content":{"rendered":"<div class=\"ref\">91494-SCRIPT.<\/div>\n<div class=\"ref\">Caneta touch metal personalizada.<\/div>\n<div class=\"texto\">Esferogr\u00e1fica em alum\u00ednio com mecanismo twist, ponteira touch e clipe. At\u00e9 1,5 km de escrita. \u00f811 x 135 mm<\/div>\n","protected":false},"excerpt":{"rendered":"<p>91494-SCRIPT. Caneta touch metal personalizada. Esferogr\u00e1fica em alum\u00ednio com mecanismo twist, ponteira touch e clipe. At\u00e9 1,5 km de escrita. \u00f811 x 135 mm<\/p>\n","protected":false},"featured_media":2578,"comment_status":"open","ping_status":"closed","template":"","meta":[],"product_cat":[530],"product_tag":[532,766,901],"class_list":["post-5270","product","type-product","status-publish","has-post-thumbnail","hentry","product_cat-canetas-de-metal","product_tag-caneta-metal-personalizada","product_tag-caneta-multifuncoes-personalizada","product_tag-caneta-touch-metal-personalizada"],"_links":{"self":[{"href":"https:\/\/vohnabrindes.com.br\/index.php\/wp-json\/wp\/v2\/product\/5270","targetHints":{"allow":["GET"]}}],"collection":[{"href":"https:\/\/vohnabrindes.com.br\/index.php\/wp-json\/wp\/v2\/product"}],"about":[{"href":"https:\/\/vohnabrindes.com.br\/index.php\/wp-json\/wp\/v2\/types\/product"}],"replies":[{"embeddable":true,"href":"https:\/\/vohnabrindes.com.br\/index.php\/wp-json\/wp\/v2\/comments?post=5270"}],"version-history":[{"count":1,"href":"https:\/\/vohnabrindes.com.br\/index.php\/wp-json\/wp\/v2\/product\/5270\/revisions"}],"predecessor-version":[{"id":5300,"href":"https:\/\/vohnabrindes.com.br\/index.php\/wp-json\/wp\/v2\/product\/5270\/revisions\/5300"}],"wp:featuredmedia":[{"embeddable":true,"href":"https:\/\/vohnabrindes.com.br\/index.php\/wp-json\/wp\/v2\/media\/2578"}],"wp:attachment":[{"href":"https:\/\/vohnabrindes.com.br\/index.php\/wp-json\/wp\/v2\/media?parent=5270"}],"wp:term":[{"taxonomy":"product_cat","embeddable":true,"href":"https:\/\/vohnabrindes.com.br\/index.php\/wp-json\/wp\/v2\/product_cat?post=5270"},{"taxonomy":"product_tag","embeddable":true,"href":"https:\/\/vohnabrindes.com.br\/index.php\/wp-json\/wp\/v2\/product_tag?post=5270"}],"curies":[{"name":"wp","href":"https:\/\/api.w.org\/{rel}","templated":true}]}}