{"id":5271,"date":"2025-05-30T21:40:02","date_gmt":"2025-05-31T00:40:02","guid":{"rendered":"https:\/\/vohnabrindes.com.br\/?post_type=product&#038;p=5271"},"modified":"2025-05-30T21:40:04","modified_gmt":"2025-05-31T00:40:04","slug":"caneta-esferografica-metal-com-ponta-touch-personalizada-2","status":"publish","type":"product","link":"https:\/\/vohnabrindes.com.br\/index.php\/product\/caneta-esferografica-metal-com-ponta-touch-personalizada-2\/","title":{"rendered":"Caneta Esferogr\u00e1fica metal com ponta touch personalizada."},"content":{"rendered":"<div class=\"ref\">91629-HALOS.<\/div>\n<div class=\"ref\">Caneta Esferogr\u00e1fica metal com ponta touch personalizada.<\/div>\n<div class=\"texto\">Esferogr\u00e1fica em alum\u00ednio com ponteira touch. At\u00e9 1,5 km de escrita. \u00f89 x 138 mm<\/div>\n","protected":false},"excerpt":{"rendered":"<p>91629-HALOS. Caneta Esferogr\u00e1fica metal com ponta touch personalizada. Esferogr\u00e1fica em alum\u00ednio com ponteira touch. At\u00e9 1,5 km de escrita. \u00f89 x 138 mm<\/p>\n","protected":false},"featured_media":2580,"comment_status":"open","ping_status":"closed","template":"","meta":[],"product_cat":[530],"product_tag":[906,531,766],"class_list":["post-5271","product","type-product","status-publish","has-post-thumbnail","hentry","product_cat-canetas-de-metal","product_tag-caneta-esferografica-metal-com-ponta-touch-personalizada","product_tag-caneta-metal","product_tag-caneta-multifuncoes-personalizada"],"_links":{"self":[{"href":"https:\/\/vohnabrindes.com.br\/index.php\/wp-json\/wp\/v2\/product\/5271","targetHints":{"allow":["GET"]}}],"collection":[{"href":"https:\/\/vohnabrindes.com.br\/index.php\/wp-json\/wp\/v2\/product"}],"about":[{"href":"https:\/\/vohnabrindes.com.br\/index.php\/wp-json\/wp\/v2\/types\/product"}],"replies":[{"embeddable":true,"href":"https:\/\/vohnabrindes.com.br\/index.php\/wp-json\/wp\/v2\/comments?post=5271"}],"version-history":[{"count":1,"href":"https:\/\/vohnabrindes.com.br\/index.php\/wp-json\/wp\/v2\/product\/5271\/revisions"}],"predecessor-version":[{"id":5301,"href":"https:\/\/vohnabrindes.com.br\/index.php\/wp-json\/wp\/v2\/product\/5271\/revisions\/5301"}],"wp:featuredmedia":[{"embeddable":true,"href":"https:\/\/vohnabrindes.com.br\/index.php\/wp-json\/wp\/v2\/media\/2580"}],"wp:attachment":[{"href":"https:\/\/vohnabrindes.com.br\/index.php\/wp-json\/wp\/v2\/media?parent=5271"}],"wp:term":[{"taxonomy":"product_cat","embeddable":true,"href":"https:\/\/vohnabrindes.com.br\/index.php\/wp-json\/wp\/v2\/product_cat?post=5271"},{"taxonomy":"product_tag","embeddable":true,"href":"https:\/\/vohnabrindes.com.br\/index.php\/wp-json\/wp\/v2\/product_tag?post=5271"}],"curies":[{"name":"wp","href":"https:\/\/api.w.org\/{rel}","templated":true}]}}