{"id":5272,"date":"2025-05-30T21:40:02","date_gmt":"2025-05-31T00:40:02","guid":{"rendered":"https:\/\/vohnabrindes.com.br\/?post_type=product&#038;p=5272"},"modified":"2025-05-30T21:40:04","modified_gmt":"2025-05-31T00:40:04","slug":"caneta-metal-esferografica-com-ponta-touch-personalizada","status":"publish","type":"product","link":"https:\/\/vohnabrindes.com.br\/index.php\/product\/caneta-metal-esferografica-com-ponta-touch-personalizada\/","title":{"rendered":"Caneta metal Esferogr\u00e1fica com ponta touch personalizada."},"content":{"rendered":"<div class=\"ref\">91791-KAYLUM.<\/div>\n<div class=\"ref\">Caneta metal Esferogr\u00e1fica com ponta touch personalizada.<\/div>\n<div class=\"texto\">Esferogr\u00e1fica em alum\u00ednio com tratamento antibacteriano, segundo a certifica\u00e7\u00e3o ISO22196. Mecanismo twist, clipe e ponteira touch. \u00f87 x 132 mm<\/div>\n","protected":false},"excerpt":{"rendered":"<p>91791-KAYLUM. Caneta metal Esferogr\u00e1fica com ponta touch personalizada. Esferogr\u00e1fica em alum\u00ednio com tratamento antibacteriano, segundo a certifica\u00e7\u00e3o ISO22196. Mecanismo twist, clipe e ponteira touch. \u00f87 x<span class=\"excerpt-hellip\"> [\u2026]<\/span><\/p>\n","protected":false},"featured_media":2586,"comment_status":"open","ping_status":"closed","template":"","meta":[],"product_cat":[530],"product_tag":[907,548,908,549,766],"class_list":["post-5272","product","type-product","status-publish","has-post-thumbnail","hentry","product_cat-canetas-de-metal","product_tag-caneta-material-antibacteriano","product_tag-caneta-metal-com-ponta-touch-personalizada","product_tag-caneta-metal-esferografica-com-ponta-touch-personalizada","product_tag-caneta-metalica-personalizada","product_tag-caneta-multifuncoes-personalizada"],"_links":{"self":[{"href":"https:\/\/vohnabrindes.com.br\/index.php\/wp-json\/wp\/v2\/product\/5272","targetHints":{"allow":["GET"]}}],"collection":[{"href":"https:\/\/vohnabrindes.com.br\/index.php\/wp-json\/wp\/v2\/product"}],"about":[{"href":"https:\/\/vohnabrindes.com.br\/index.php\/wp-json\/wp\/v2\/types\/product"}],"replies":[{"embeddable":true,"href":"https:\/\/vohnabrindes.com.br\/index.php\/wp-json\/wp\/v2\/comments?post=5272"}],"version-history":[{"count":1,"href":"https:\/\/vohnabrindes.com.br\/index.php\/wp-json\/wp\/v2\/product\/5272\/revisions"}],"predecessor-version":[{"id":5302,"href":"https:\/\/vohnabrindes.com.br\/index.php\/wp-json\/wp\/v2\/product\/5272\/revisions\/5302"}],"wp:featuredmedia":[{"embeddable":true,"href":"https:\/\/vohnabrindes.com.br\/index.php\/wp-json\/wp\/v2\/media\/2586"}],"wp:attachment":[{"href":"https:\/\/vohnabrindes.com.br\/index.php\/wp-json\/wp\/v2\/media?parent=5272"}],"wp:term":[{"taxonomy":"product_cat","embeddable":true,"href":"https:\/\/vohnabrindes.com.br\/index.php\/wp-json\/wp\/v2\/product_cat?post=5272"},{"taxonomy":"product_tag","embeddable":true,"href":"https:\/\/vohnabrindes.com.br\/index.php\/wp-json\/wp\/v2\/product_tag?post=5272"}],"curies":[{"name":"wp","href":"https:\/\/api.w.org\/{rel}","templated":true}]}}