{"id":5273,"date":"2025-05-30T21:40:02","date_gmt":"2025-05-31T00:40:02","guid":{"rendered":"https:\/\/vohnabrindes.com.br\/?post_type=product&#038;p=5273"},"modified":"2025-05-30T21:40:05","modified_gmt":"2025-05-31T00:40:05","slug":"caneta-esferografica-em-bambu-com-ponta-touch-personalizada","status":"publish","type":"product","link":"https:\/\/vohnabrindes.com.br\/index.php\/product\/caneta-esferografica-em-bambu-com-ponta-touch-personalizada\/","title":{"rendered":"Caneta Esferogr\u00e1fica em bambu com ponta touch personalizada."},"content":{"rendered":"<div class=\"ref\">91770 ZOLA.<\/div>\n<div class=\"ref\">Caneta Esferogr\u00e1fica em bambu com ponta touch personalizada.<\/div>\n<div class=\"texto\">Esferogr\u00e1fica em bambu com clipe em metal e acabamento mate. Possui ponteira touch em cinza met\u00e1lico para contato apropriado com ecr\u00e3s t\u00e1teis. Escrita a preto. \u00d811 x 141 mm<\/div>\n","protected":false},"excerpt":{"rendered":"<p>91770 ZOLA. Caneta Esferogr\u00e1fica em bambu com ponta touch personalizada. Esferogr\u00e1fica em bambu com clipe em metal e acabamento mate. Possui ponteira touch em cinza met\u00e1lico<span class=\"excerpt-hellip\"> [\u2026]<\/span><\/p>\n","protected":false},"featured_media":2588,"comment_status":"open","ping_status":"closed","template":"","meta":[],"product_cat":[383,126],"product_tag":[698,389,909],"class_list":["post-5273","product","type-product","status-publish","has-post-thumbnail","hentry","product_cat-canetas-eco","product_cat-linha-ecologica","product_tag-caneta-eco-personalizada","product_tag-caneta-ecologicamente-correta-personalizada","product_tag-caneta-esferografica-em-bambu-com-ponta-touch-personalizada"],"_links":{"self":[{"href":"https:\/\/vohnabrindes.com.br\/index.php\/wp-json\/wp\/v2\/product\/5273","targetHints":{"allow":["GET"]}}],"collection":[{"href":"https:\/\/vohnabrindes.com.br\/index.php\/wp-json\/wp\/v2\/product"}],"about":[{"href":"https:\/\/vohnabrindes.com.br\/index.php\/wp-json\/wp\/v2\/types\/product"}],"replies":[{"embeddable":true,"href":"https:\/\/vohnabrindes.com.br\/index.php\/wp-json\/wp\/v2\/comments?post=5273"}],"version-history":[{"count":1,"href":"https:\/\/vohnabrindes.com.br\/index.php\/wp-json\/wp\/v2\/product\/5273\/revisions"}],"predecessor-version":[{"id":5303,"href":"https:\/\/vohnabrindes.com.br\/index.php\/wp-json\/wp\/v2\/product\/5273\/revisions\/5303"}],"wp:featuredmedia":[{"embeddable":true,"href":"https:\/\/vohnabrindes.com.br\/index.php\/wp-json\/wp\/v2\/media\/2588"}],"wp:attachment":[{"href":"https:\/\/vohnabrindes.com.br\/index.php\/wp-json\/wp\/v2\/media?parent=5273"}],"wp:term":[{"taxonomy":"product_cat","embeddable":true,"href":"https:\/\/vohnabrindes.com.br\/index.php\/wp-json\/wp\/v2\/product_cat?post=5273"},{"taxonomy":"product_tag","embeddable":true,"href":"https:\/\/vohnabrindes.com.br\/index.php\/wp-json\/wp\/v2\/product_tag?post=5273"}],"curies":[{"name":"wp","href":"https:\/\/api.w.org\/{rel}","templated":true}]}}