{"id":5274,"date":"2025-05-30T21:40:02","date_gmt":"2025-05-31T00:40:02","guid":{"rendered":"https:\/\/vohnabrindes.com.br\/?post_type=product&#038;p=5274"},"modified":"2025-05-30T21:40:05","modified_gmt":"2025-05-31T00:40:05","slug":"caneta-esferografica-ecologicamente-correta-com-touch-personalizada","status":"publish","type":"product","link":"https:\/\/vohnabrindes.com.br\/index.php\/product\/caneta-esferografica-ecologicamente-correta-com-touch-personalizada\/","title":{"rendered":"Caneta Esferogr\u00e1fica ecologicamente correta com touch personalizada."},"content":{"rendered":"<div class=\"ref\">81012-BENJAMIN.<\/div>\n<div class=\"ref\">Caneta Esferogr\u00e1fica em bambu com touch personalizada.<\/div>\n<div class=\"texto\">Esferogr\u00e1fica em bambu com ponteira touch e clipe em metal. Os elementos coloridos s\u00e3o em fibra de trigo e ABS. At\u00e9 1,5 km de escrita. \u00f811 x 139 mm<\/div>\n","protected":false},"excerpt":{"rendered":"<p>81012-BENJAMIN. Caneta Esferogr\u00e1fica em bambu com touch personalizada. Esferogr\u00e1fica em bambu com ponteira touch e clipe em metal. Os elementos coloridos s\u00e3o em fibra de trigo<span class=\"excerpt-hellip\"> [\u2026]<\/span><\/p>\n","protected":false},"featured_media":2590,"comment_status":"open","ping_status":"closed","template":"","meta":[],"product_cat":[383],"product_tag":[910,911],"class_list":["post-5274","product","type-product","status-publish","has-post-thumbnail","hentry","product_cat-canetas-eco","product_tag-caneta-esferografica-ecologicamente-correta-com-touch-personalizada","product_tag-caneta-esferografica-em-bambu-com-touch-personalizada"],"_links":{"self":[{"href":"https:\/\/vohnabrindes.com.br\/index.php\/wp-json\/wp\/v2\/product\/5274","targetHints":{"allow":["GET"]}}],"collection":[{"href":"https:\/\/vohnabrindes.com.br\/index.php\/wp-json\/wp\/v2\/product"}],"about":[{"href":"https:\/\/vohnabrindes.com.br\/index.php\/wp-json\/wp\/v2\/types\/product"}],"replies":[{"embeddable":true,"href":"https:\/\/vohnabrindes.com.br\/index.php\/wp-json\/wp\/v2\/comments?post=5274"}],"version-history":[{"count":1,"href":"https:\/\/vohnabrindes.com.br\/index.php\/wp-json\/wp\/v2\/product\/5274\/revisions"}],"predecessor-version":[{"id":5304,"href":"https:\/\/vohnabrindes.com.br\/index.php\/wp-json\/wp\/v2\/product\/5274\/revisions\/5304"}],"wp:featuredmedia":[{"embeddable":true,"href":"https:\/\/vohnabrindes.com.br\/index.php\/wp-json\/wp\/v2\/media\/2590"}],"wp:attachment":[{"href":"https:\/\/vohnabrindes.com.br\/index.php\/wp-json\/wp\/v2\/media?parent=5274"}],"wp:term":[{"taxonomy":"product_cat","embeddable":true,"href":"https:\/\/vohnabrindes.com.br\/index.php\/wp-json\/wp\/v2\/product_cat?post=5274"},{"taxonomy":"product_tag","embeddable":true,"href":"https:\/\/vohnabrindes.com.br\/index.php\/wp-json\/wp\/v2\/product_tag?post=5274"}],"curies":[{"name":"wp","href":"https:\/\/api.w.org\/{rel}","templated":true}]}}