{"id":5278,"date":"2025-05-30T21:40:02","date_gmt":"2025-05-31T00:40:02","guid":{"rendered":"https:\/\/vohnabrindes.com.br\/?post_type=product&#038;p=5278"},"modified":"2025-05-30T21:40:05","modified_gmt":"2025-05-31T00:40:05","slug":"caneta-metal-luxo-com-touch-personalizada","status":"publish","type":"product","link":"https:\/\/vohnabrindes.com.br\/index.php\/product\/caneta-metal-luxo-com-touch-personalizada\/","title":{"rendered":"Caneta metal luxo com touch personalizada."},"content":{"rendered":"<div class=\"ref\">81001<\/div>\n<pre class=\"titulo\">Caneta metal luxo com touch personalizada.<\/pre>\n<div class=\"texto\">A Neo \u00e9 uma esferogr\u00e1fica vanguardista e ergon\u00f4mica em alum\u00ednio, com mecanismo twist, que foi concebida a pensar nos profissionais que fazem do caderno e do tablet o seu escrit\u00f3rio. A ponteira touch, em silicone, permite refor\u00e7ar a sua utilidade e o corpo laqueado com acabamento matt\/brilhante confere muita eleg\u00e2ncia. A esferogr\u00e1fica tem recarga em metal e tinta Dokumental\u00ae preta. Fornecida em caixa presente. \u00f811 x 138 mm | Caixa: 55 x 30 x 190 mm<\/div>\n","protected":false},"excerpt":{"rendered":"<p>81001 Caneta metal luxo com touch personalizada. A Neo \u00e9 uma esferogr\u00e1fica vanguardista e ergon\u00f4mica em alum\u00ednio, com mecanismo twist, que foi concebida a pensar nos<span class=\"excerpt-hellip\"> [\u2026]<\/span><\/p>\n","protected":false},"featured_media":2601,"comment_status":"open","ping_status":"closed","template":"","meta":[],"product_cat":[530],"product_tag":[531,913],"class_list":["post-5278","product","type-product","status-publish","has-post-thumbnail","hentry","product_cat-canetas-de-metal","product_tag-caneta-metal","product_tag-caneta-metal-luxo-com-touch-personalizada"],"_links":{"self":[{"href":"https:\/\/vohnabrindes.com.br\/index.php\/wp-json\/wp\/v2\/product\/5278","targetHints":{"allow":["GET"]}}],"collection":[{"href":"https:\/\/vohnabrindes.com.br\/index.php\/wp-json\/wp\/v2\/product"}],"about":[{"href":"https:\/\/vohnabrindes.com.br\/index.php\/wp-json\/wp\/v2\/types\/product"}],"replies":[{"embeddable":true,"href":"https:\/\/vohnabrindes.com.br\/index.php\/wp-json\/wp\/v2\/comments?post=5278"}],"version-history":[{"count":1,"href":"https:\/\/vohnabrindes.com.br\/index.php\/wp-json\/wp\/v2\/product\/5278\/revisions"}],"predecessor-version":[{"id":5308,"href":"https:\/\/vohnabrindes.com.br\/index.php\/wp-json\/wp\/v2\/product\/5278\/revisions\/5308"}],"wp:featuredmedia":[{"embeddable":true,"href":"https:\/\/vohnabrindes.com.br\/index.php\/wp-json\/wp\/v2\/media\/2601"}],"wp:attachment":[{"href":"https:\/\/vohnabrindes.com.br\/index.php\/wp-json\/wp\/v2\/media?parent=5278"}],"wp:term":[{"taxonomy":"product_cat","embeddable":true,"href":"https:\/\/vohnabrindes.com.br\/index.php\/wp-json\/wp\/v2\/product_cat?post=5278"},{"taxonomy":"product_tag","embeddable":true,"href":"https:\/\/vohnabrindes.com.br\/index.php\/wp-json\/wp\/v2\/product_tag?post=5278"}],"curies":[{"name":"wp","href":"https:\/\/api.w.org\/{rel}","templated":true}]}}