{"id":5279,"date":"2025-05-30T21:40:02","date_gmt":"2025-05-31T00:40:02","guid":{"rendered":"https:\/\/vohnabrindes.com.br\/?post_type=product&#038;p=5279"},"modified":"2025-05-30T21:40:05","modified_gmt":"2025-05-31T00:40:05","slug":"caixa-de-som-portatil-com-microfone-personalizada-2","status":"publish","type":"product","link":"https:\/\/vohnabrindes.com.br\/index.php\/product\/caixa-de-som-portatil-com-microfone-personalizada-2\/","title":{"rendered":"Caixa de som port\u00e1til com microfone personalizada."},"content":{"rendered":"<div class=\"ref\">97124-KALAM.<\/div>\n<div class=\"ref\">Caixa de som port\u00e1til com microfone personalizada.<\/div>\n<div class=\"texto\">Caixa de som em bambu com pega em PP. Cont\u00e9m 3 diferentes luzes LED e transmiss\u00e3o sem fios BT v5.0 para se conectar ao seu dispositivo m\u00f3vel. Possui uma pot\u00eancia de 3W, capacidade at\u00e9 300 mAh e autonomia aproximada de 2 horas.<\/div>\n<div class=\"texto\">Fornecido em caixa presente de papel kraft. \u00d873 x 71 mm<\/div>\n","protected":false},"excerpt":{"rendered":"<p>97124-KALAM. Caixa de som port\u00e1til com microfone personalizada. Caixa de som em bambu com pega em PP. Cont\u00e9m 3 diferentes luzes LED e transmiss\u00e3o sem fios<span class=\"excerpt-hellip\"> [\u2026]<\/span><\/p>\n","protected":false},"featured_media":2603,"comment_status":"open","ping_status":"closed","template":"","meta":[],"product_cat":[377],"product_tag":[637,378,379],"class_list":["post-5279","product","type-product","status-publish","has-post-thumbnail","hentry","product_cat-informatica-som-e-tecnologia","product_tag-caixa-de-som","product_tag-caixa-de-som-personalizada","product_tag-caixa-de-som-portatil-com-microfone-personalizada"],"_links":{"self":[{"href":"https:\/\/vohnabrindes.com.br\/index.php\/wp-json\/wp\/v2\/product\/5279","targetHints":{"allow":["GET"]}}],"collection":[{"href":"https:\/\/vohnabrindes.com.br\/index.php\/wp-json\/wp\/v2\/product"}],"about":[{"href":"https:\/\/vohnabrindes.com.br\/index.php\/wp-json\/wp\/v2\/types\/product"}],"replies":[{"embeddable":true,"href":"https:\/\/vohnabrindes.com.br\/index.php\/wp-json\/wp\/v2\/comments?post=5279"}],"version-history":[{"count":1,"href":"https:\/\/vohnabrindes.com.br\/index.php\/wp-json\/wp\/v2\/product\/5279\/revisions"}],"predecessor-version":[{"id":5309,"href":"https:\/\/vohnabrindes.com.br\/index.php\/wp-json\/wp\/v2\/product\/5279\/revisions\/5309"}],"wp:featuredmedia":[{"embeddable":true,"href":"https:\/\/vohnabrindes.com.br\/index.php\/wp-json\/wp\/v2\/media\/2603"}],"wp:attachment":[{"href":"https:\/\/vohnabrindes.com.br\/index.php\/wp-json\/wp\/v2\/media?parent=5279"}],"wp:term":[{"taxonomy":"product_cat","embeddable":true,"href":"https:\/\/vohnabrindes.com.br\/index.php\/wp-json\/wp\/v2\/product_cat?post=5279"},{"taxonomy":"product_tag","embeddable":true,"href":"https:\/\/vohnabrindes.com.br\/index.php\/wp-json\/wp\/v2\/product_tag?post=5279"}],"curies":[{"name":"wp","href":"https:\/\/api.w.org\/{rel}","templated":true}]}}