{"id":5316,"date":"2025-05-30T21:40:08","date_gmt":"2025-05-31T00:40:08","guid":{"rendered":"https:\/\/vohnabrindes.com.br\/?post_type=product&#038;p=5316"},"modified":"2025-05-30T21:40:09","modified_gmt":"2025-05-31T00:40:09","slug":"caneta-plastica-personalizada-8","status":"publish","type":"product","link":"https:\/\/vohnabrindes.com.br\/index.php\/product\/caneta-plastica-personalizada-8\/","title":{"rendered":"Caneta Pl\u00e1stica Personalizada."},"content":{"rendered":"<pre id=\"item_referencia\">13440<\/pre>\n<p class=\"produto-nome\">Caneta Pl\u00e1stica Personalizada.<\/p>\n<div class=\"caracs\">\n<div class=\"desc\">\n<p class=\"desc-tit\"><span class=\"desc-sub my-desc-sub\">Caneta pl\u00e1stica com carga esferogr\u00e1fica azul e acionamento por clique no clipe.<\/span><\/p>\n<\/div>\n<\/div>\n","protected":false},"excerpt":{"rendered":"<p>13440 Caneta Pl\u00e1stica Personalizada. Caneta pl\u00e1stica com carga esferogr\u00e1fica azul e acionamento por clique no clipe.<\/p>\n","protected":false},"featured_media":2616,"comment_status":"open","ping_status":"closed","template":"","meta":[],"product_cat":[220],"product_tag":[917,519,916],"class_list":["post-5316","product","type-product","status-publish","has-post-thumbnail","hentry","product_cat-canetas-plasticas","product_tag-caneta-luxo-plastica-personalizada","product_tag-caneta-plastica-personalizada","product_tag-caneta-promocional"],"_links":{"self":[{"href":"https:\/\/vohnabrindes.com.br\/index.php\/wp-json\/wp\/v2\/product\/5316","targetHints":{"allow":["GET"]}}],"collection":[{"href":"https:\/\/vohnabrindes.com.br\/index.php\/wp-json\/wp\/v2\/product"}],"about":[{"href":"https:\/\/vohnabrindes.com.br\/index.php\/wp-json\/wp\/v2\/types\/product"}],"replies":[{"embeddable":true,"href":"https:\/\/vohnabrindes.com.br\/index.php\/wp-json\/wp\/v2\/comments?post=5316"}],"version-history":[{"count":1,"href":"https:\/\/vohnabrindes.com.br\/index.php\/wp-json\/wp\/v2\/product\/5316\/revisions"}],"predecessor-version":[{"id":5346,"href":"https:\/\/vohnabrindes.com.br\/index.php\/wp-json\/wp\/v2\/product\/5316\/revisions\/5346"}],"wp:featuredmedia":[{"embeddable":true,"href":"https:\/\/vohnabrindes.com.br\/index.php\/wp-json\/wp\/v2\/media\/2616"}],"wp:attachment":[{"href":"https:\/\/vohnabrindes.com.br\/index.php\/wp-json\/wp\/v2\/media?parent=5316"}],"wp:term":[{"taxonomy":"product_cat","embeddable":true,"href":"https:\/\/vohnabrindes.com.br\/index.php\/wp-json\/wp\/v2\/product_cat?post=5316"},{"taxonomy":"product_tag","embeddable":true,"href":"https:\/\/vohnabrindes.com.br\/index.php\/wp-json\/wp\/v2\/product_tag?post=5316"}],"curies":[{"name":"wp","href":"https:\/\/api.w.org\/{rel}","templated":true}]}}