{"id":5321,"date":"2025-05-30T21:40:08","date_gmt":"2025-05-31T00:40:08","guid":{"rendered":"https:\/\/vohnabrindes.com.br\/?post_type=product&#038;p=5321"},"modified":"2025-05-30T21:40:10","modified_gmt":"2025-05-31T00:40:10","slug":"kit-para-anotacoes-com-caneta-personalizada","status":"publish","type":"product","link":"https:\/\/vohnabrindes.com.br\/index.php\/product\/kit-para-anotacoes-com-caneta-personalizada\/","title":{"rendered":"Kit para Anota\u00e7\u00f5es com Caneta Personalizada."},"content":{"rendered":"<p id=\"item_referencia\">18739<\/p>\n<p class=\"produto-nome\">Kit para Anota\u00e7\u00f5es com Caneta Personalizada.<\/p>\n<div class=\"caracs\">\n<div class=\"desc\">\n<p class=\"desc-tit\"><span class=\"desc-sub my-desc-sub\">Kit para anota\u00e7\u00f5es em couro sint\u00e9tico com autoadesivos e caneta pl\u00e1stica. Cont\u00e9m 3 blocos com aproximadamente 50 folhas, conjunto de 5 marcadores pl\u00e1sticos autoadesivos com aproximadamente 25 folhas e caneta pl\u00e1stica touchscreen com carga esferogr\u00e1fica azul 1.0mm e acionamento por rota\u00e7\u00e3o.<\/span><\/p>\n<\/div>\n<div class=\"desc\">\n<p class=\"desc-tit\">Altura<span class=\"desc-sub\">\u00a0:\u00a0 19,2 cm<\/span><\/p>\n<\/div>\n<div class=\"desc\">\n<p class=\"desc-tit\">Largura<span class=\"desc-sub\">\u00a0:\u00a0 12 cm<\/span><\/p>\n<\/div>\n<div class=\"desc\">\n<p class=\"desc-tit\">Espessura<span class=\"desc-sub\">\u00a0:\u00a0 1,8 cm<\/span><\/p>\n<\/div>\n<div class=\"desc\">\n<p class=\"desc-tit\">cor : preto ou azul<\/p>\n<\/div>\n<div class=\"desc\">\n<p class=\"desc-tit\">Tamanho total aproximado\u00a0<span class=\"desc-sub\">\u00a0(CxL):\u00a0 Caneta: 14,1 cm x 1,6 cm<\/span><\/p>\n<\/div>\n<div class=\"desc\">\n<p class=\"desc-tit\">Peso aproximado<span class=\"desc-sub\">\u00a0(g):\u00a0 222<\/span><\/p>\n<\/div>\n<\/div>\n","protected":false},"excerpt":{"rendered":"<p>18739 Kit para Anota\u00e7\u00f5es com Caneta Personalizada. Kit para anota\u00e7\u00f5es em couro sint\u00e9tico com autoadesivos e caneta pl\u00e1stica. Cont\u00e9m 3 blocos com aproximadamente 50 folhas, conjunto<span class=\"excerpt-hellip\"> [\u2026]<\/span><\/p>\n","protected":false},"featured_media":2645,"comment_status":"open","ping_status":"closed","template":"","meta":[],"product_cat":[146],"product_tag":[216,780,923],"class_list":["post-5321","product","type-product","status-publish","has-post-thumbnail","hentry","product_cat-blocos-e-cadernetas","product_tag-bloco-de-anotacoes-com-logo","product_tag-bloco-de-anotacoes-personalizada","product_tag-kit-para-anotacoes-com-caneta-personalizada"],"_links":{"self":[{"href":"https:\/\/vohnabrindes.com.br\/index.php\/wp-json\/wp\/v2\/product\/5321","targetHints":{"allow":["GET"]}}],"collection":[{"href":"https:\/\/vohnabrindes.com.br\/index.php\/wp-json\/wp\/v2\/product"}],"about":[{"href":"https:\/\/vohnabrindes.com.br\/index.php\/wp-json\/wp\/v2\/types\/product"}],"replies":[{"embeddable":true,"href":"https:\/\/vohnabrindes.com.br\/index.php\/wp-json\/wp\/v2\/comments?post=5321"}],"version-history":[{"count":1,"href":"https:\/\/vohnabrindes.com.br\/index.php\/wp-json\/wp\/v2\/product\/5321\/revisions"}],"predecessor-version":[{"id":5351,"href":"https:\/\/vohnabrindes.com.br\/index.php\/wp-json\/wp\/v2\/product\/5321\/revisions\/5351"}],"wp:featuredmedia":[{"embeddable":true,"href":"https:\/\/vohnabrindes.com.br\/index.php\/wp-json\/wp\/v2\/media\/2645"}],"wp:attachment":[{"href":"https:\/\/vohnabrindes.com.br\/index.php\/wp-json\/wp\/v2\/media?parent=5321"}],"wp:term":[{"taxonomy":"product_cat","embeddable":true,"href":"https:\/\/vohnabrindes.com.br\/index.php\/wp-json\/wp\/v2\/product_cat?post=5321"},{"taxonomy":"product_tag","embeddable":true,"href":"https:\/\/vohnabrindes.com.br\/index.php\/wp-json\/wp\/v2\/product_tag?post=5321"}],"curies":[{"name":"wp","href":"https:\/\/api.w.org\/{rel}","templated":true}]}}