{"id":5330,"date":"2025-05-30T21:40:08","date_gmt":"2025-05-31T00:40:08","guid":{"rendered":"https:\/\/vohnabrindes.com.br\/?post_type=product&#038;p=5330"},"modified":"2025-05-30T21:40:10","modified_gmt":"2025-05-31T00:40:10","slug":"cordao-para-cracha-com-trava-personalizado","status":"publish","type":"product","link":"https:\/\/vohnabrindes.com.br\/index.php\/product\/cordao-para-cracha-com-trava-personalizado\/","title":{"rendered":"Cord\u00e3o para crach\u00e1 com trava ,personalizado."},"content":{"rendered":"<p>Cord\u00e3o para crach\u00e1 personalizado.<\/p>\n<p>Cord\u00e3o (100% poli\u00e9ster \u2013 acetinado) personalizado com impress\u00e3o digital \u201csublima\u00e7\u00e3o\u201d \u2013 frente\/verso (dos dois lados do cord\u00e3o) \u2013 tamanho 20x850mm (+ \u2013 42cm fechado) \u2013 acabamento\u00a0 trava de seguran\u00e7a e argola.<\/p>\n<p>cor a escolher<\/p>\n","protected":false},"excerpt":{"rendered":"<p>Cord\u00e3o para crach\u00e1 personalizado. Cord\u00e3o (100% poli\u00e9ster \u2013 acetinado) personalizado com impress\u00e3o digital \u201csublima\u00e7\u00e3o\u201d \u2013 frente\/verso (dos dois lados do cord\u00e3o) \u2013 tamanho 20x850mm (+ \u2013<span class=\"excerpt-hellip\"> [\u2026]<\/span><\/p>\n","protected":false},"featured_media":2685,"comment_status":"open","ping_status":"closed","template":"","meta":[],"product_cat":[931],"product_tag":[934,932],"class_list":["post-5330","product","type-product","status-publish","has-post-thumbnail","hentry","product_cat-cordoes-e-crachas","product_tag-cordao-com-trava-de-seguranca-personalizado","product_tag-cordao-para-cracha-personalizado"],"_links":{"self":[{"href":"https:\/\/vohnabrindes.com.br\/index.php\/wp-json\/wp\/v2\/product\/5330","targetHints":{"allow":["GET"]}}],"collection":[{"href":"https:\/\/vohnabrindes.com.br\/index.php\/wp-json\/wp\/v2\/product"}],"about":[{"href":"https:\/\/vohnabrindes.com.br\/index.php\/wp-json\/wp\/v2\/types\/product"}],"replies":[{"embeddable":true,"href":"https:\/\/vohnabrindes.com.br\/index.php\/wp-json\/wp\/v2\/comments?post=5330"}],"version-history":[{"count":1,"href":"https:\/\/vohnabrindes.com.br\/index.php\/wp-json\/wp\/v2\/product\/5330\/revisions"}],"predecessor-version":[{"id":5360,"href":"https:\/\/vohnabrindes.com.br\/index.php\/wp-json\/wp\/v2\/product\/5330\/revisions\/5360"}],"wp:featuredmedia":[{"embeddable":true,"href":"https:\/\/vohnabrindes.com.br\/index.php\/wp-json\/wp\/v2\/media\/2685"}],"wp:attachment":[{"href":"https:\/\/vohnabrindes.com.br\/index.php\/wp-json\/wp\/v2\/media?parent=5330"}],"wp:term":[{"taxonomy":"product_cat","embeddable":true,"href":"https:\/\/vohnabrindes.com.br\/index.php\/wp-json\/wp\/v2\/product_cat?post=5330"},{"taxonomy":"product_tag","embeddable":true,"href":"https:\/\/vohnabrindes.com.br\/index.php\/wp-json\/wp\/v2\/product_tag?post=5330"}],"curies":[{"name":"wp","href":"https:\/\/api.w.org\/{rel}","templated":true}]}}