{"id":5332,"date":"2025-05-30T21:40:08","date_gmt":"2025-05-31T00:40:08","guid":{"rendered":"https:\/\/vohnabrindes.com.br\/?post_type=product&#038;p=5332"},"modified":"2025-05-30T21:40:11","modified_gmt":"2025-05-31T00:40:11","slug":"porta-cracha-personalizado","status":"publish","type":"product","link":"https:\/\/vohnabrindes.com.br\/index.php\/product\/porta-cracha-personalizado\/","title":{"rendered":"Porta Crach\u00e1 Personalizado."},"content":{"rendered":"<pre id=\"item_referencia\">FY001<\/pre>\n<p class=\"produto-nome\">Porta Crach\u00e1 Personalizado.<\/p>\n<div class=\"caracs\">\n<div class=\"desc\">\n<p class=\"desc-tit\"><span class=\"desc-sub my-desc-sub\">Porta crach\u00e1 retr\u00e1til pl\u00e1stico, cores leitosas e transl\u00facidas. Roller clip possui sistema extensor em nylon que ap\u00f3s puxar \u00e9 recolhido automaticamente. Possui presilha met\u00e1lica na parte traseira e al\u00e7a pl\u00e1stica com bot\u00e3o.<\/span><\/p>\n<\/div>\n<div class=\"desc\">\n<p class=\"desc-tit\">Tamanho total aproximado\u00a0<span class=\"desc-sub\">\u00a0(CxL):\u00a0 4,3 cm x 3,1 cm<\/span><\/p>\n<\/div>\n<div class=\"desc\">\n<p class=\"desc-tit\">Peso aproximado<span class=\"desc-sub\">\u00a0(g):\u00a0 9<\/span><\/p>\n<\/div>\n<\/div>\n","protected":false},"excerpt":{"rendered":"<p>FY001 Porta Crach\u00e1 Personalizado. Porta crach\u00e1 retr\u00e1til pl\u00e1stico, cores leitosas e transl\u00facidas. Roller clip possui sistema extensor em nylon que ap\u00f3s puxar \u00e9 recolhido automaticamente. Possui<span class=\"excerpt-hellip\"> [\u2026]<\/span><\/p>\n","protected":false},"featured_media":2689,"comment_status":"open","ping_status":"closed","template":"","meta":[],"product_cat":[931],"product_tag":[936],"class_list":["post-5332","product","type-product","status-publish","has-post-thumbnail","hentry","product_cat-cordoes-e-crachas","product_tag-porta-cracha-personalizado"],"_links":{"self":[{"href":"https:\/\/vohnabrindes.com.br\/index.php\/wp-json\/wp\/v2\/product\/5332","targetHints":{"allow":["GET"]}}],"collection":[{"href":"https:\/\/vohnabrindes.com.br\/index.php\/wp-json\/wp\/v2\/product"}],"about":[{"href":"https:\/\/vohnabrindes.com.br\/index.php\/wp-json\/wp\/v2\/types\/product"}],"replies":[{"embeddable":true,"href":"https:\/\/vohnabrindes.com.br\/index.php\/wp-json\/wp\/v2\/comments?post=5332"}],"version-history":[{"count":1,"href":"https:\/\/vohnabrindes.com.br\/index.php\/wp-json\/wp\/v2\/product\/5332\/revisions"}],"predecessor-version":[{"id":5362,"href":"https:\/\/vohnabrindes.com.br\/index.php\/wp-json\/wp\/v2\/product\/5332\/revisions\/5362"}],"wp:featuredmedia":[{"embeddable":true,"href":"https:\/\/vohnabrindes.com.br\/index.php\/wp-json\/wp\/v2\/media\/2689"}],"wp:attachment":[{"href":"https:\/\/vohnabrindes.com.br\/index.php\/wp-json\/wp\/v2\/media?parent=5332"}],"wp:term":[{"taxonomy":"product_cat","embeddable":true,"href":"https:\/\/vohnabrindes.com.br\/index.php\/wp-json\/wp\/v2\/product_cat?post=5332"},{"taxonomy":"product_tag","embeddable":true,"href":"https:\/\/vohnabrindes.com.br\/index.php\/wp-json\/wp\/v2\/product_tag?post=5332"}],"curies":[{"name":"wp","href":"https:\/\/api.w.org\/{rel}","templated":true}]}}