{"id":5337,"date":"2025-05-30T21:40:09","date_gmt":"2025-05-31T00:40:09","guid":{"rendered":"https:\/\/vohnabrindes.com.br\/?post_type=product&#038;p=5337"},"modified":"2025-05-30T21:40:11","modified_gmt":"2025-05-31T00:40:11","slug":"guarda-sol-personalizado","status":"publish","type":"product","link":"https:\/\/vohnabrindes.com.br\/index.php\/product\/guarda-sol-personalizado\/","title":{"rendered":"Guarda-sol personalizado."},"content":{"rendered":"<div class=\"ref\">98320PARANA.<\/div>\n<div class=\"ref\">Guarda-sol personalizado.<\/div>\n<div class=\"texto\">Guarda-sol reclin\u00e1vel em 210T com forro prateado.<\/div>\n<div class=\"texto\">Fornecido em bolsa com al\u00e7a. \u00f81400 x 1600 mm | Bolsa: 1010 x 110 mm<\/div>\n","protected":false},"excerpt":{"rendered":"<p>98320PARANA. Guarda-sol personalizado. Guarda-sol reclin\u00e1vel em 210T com forro prateado. Fornecido em bolsa com al\u00e7a. \u00f81400 x 1600 mm | Bolsa: 1010 x 110 mm<\/p>\n","protected":false},"featured_media":2708,"comment_status":"open","ping_status":"closed","template":"","meta":[],"product_cat":[510],"product_tag":[848,655,938],"class_list":["post-5337","product","type-product","status-publish","has-post-thumbnail","hentry","product_cat-linha-sol-e-chuva","product_tag-brindes-praia","product_tag-brindes-verao","product_tag-guarda-sol-personalizado"],"_links":{"self":[{"href":"https:\/\/vohnabrindes.com.br\/index.php\/wp-json\/wp\/v2\/product\/5337","targetHints":{"allow":["GET"]}}],"collection":[{"href":"https:\/\/vohnabrindes.com.br\/index.php\/wp-json\/wp\/v2\/product"}],"about":[{"href":"https:\/\/vohnabrindes.com.br\/index.php\/wp-json\/wp\/v2\/types\/product"}],"replies":[{"embeddable":true,"href":"https:\/\/vohnabrindes.com.br\/index.php\/wp-json\/wp\/v2\/comments?post=5337"}],"version-history":[{"count":1,"href":"https:\/\/vohnabrindes.com.br\/index.php\/wp-json\/wp\/v2\/product\/5337\/revisions"}],"predecessor-version":[{"id":5367,"href":"https:\/\/vohnabrindes.com.br\/index.php\/wp-json\/wp\/v2\/product\/5337\/revisions\/5367"}],"wp:featuredmedia":[{"embeddable":true,"href":"https:\/\/vohnabrindes.com.br\/index.php\/wp-json\/wp\/v2\/media\/2708"}],"wp:attachment":[{"href":"https:\/\/vohnabrindes.com.br\/index.php\/wp-json\/wp\/v2\/media?parent=5337"}],"wp:term":[{"taxonomy":"product_cat","embeddable":true,"href":"https:\/\/vohnabrindes.com.br\/index.php\/wp-json\/wp\/v2\/product_cat?post=5337"},{"taxonomy":"product_tag","embeddable":true,"href":"https:\/\/vohnabrindes.com.br\/index.php\/wp-json\/wp\/v2\/product_tag?post=5337"}],"curies":[{"name":"wp","href":"https:\/\/api.w.org\/{rel}","templated":true}]}}