{"id":5343,"date":"2025-05-30T21:40:09","date_gmt":"2025-05-31T00:40:09","guid":{"rendered":"https:\/\/vohnabrindes.com.br\/?post_type=product&#038;p=5343"},"modified":"2025-05-30T21:40:12","modified_gmt":"2025-05-31T00:40:12","slug":"chaveiro-fita-metrica-3-metros-personalizada","status":"publish","type":"product","link":"https:\/\/vohnabrindes.com.br\/index.php\/product\/chaveiro-fita-metrica-3-metros-personalizada\/","title":{"rendered":"Chaveiro Fita M\u00e9trica 3 Metros Personalizada."},"content":{"rendered":"<pre id=\"item_referencia\">18735<\/pre>\n<p class=\"produto-nome\">Chaveiro Fita M\u00e9trica 3 Metros Personalizada.<\/p>\n<div class=\"caracs\">\n<div class=\"desc\">\n<p class=\"desc-tit\">Chaveiro\u00a0 <span class=\"desc-sub my-desc-sub\">Fita m\u00e9trica pl\u00e1stica de 3 metros com bot\u00e3o acionador, mecanismo com trava.<\/span><\/p>\n<\/div>\n<div class=\"desc\">\n<p class=\"desc-tit\">Altura<span class=\"desc-sub\">\u00a0:\u00a0 6 cm<\/span><\/p>\n<\/div>\n<div class=\"desc\">\n<p class=\"desc-tit\">Largura<span class=\"desc-sub\">\u00a0:\u00a0 7 cm<\/span><\/p>\n<\/div>\n<div class=\"desc\">\n<p class=\"desc-tit\">Espessura<span class=\"desc-sub\">\u00a0:\u00a0 2,1 cm<\/span><\/p>\n<\/div>\n<div class=\"desc\">\n<p class=\"desc-tit\">Peso aproximado<span class=\"desc-sub\">\u00a0(g):\u00a0 53<\/span><\/p>\n<\/div>\n<\/div>\n","protected":false},"excerpt":{"rendered":"<p>18735 Chaveiro Fita M\u00e9trica 3 Metros Personalizada. Chaveiro\u00a0 Fita m\u00e9trica pl\u00e1stica de 3 metros com bot\u00e3o acionador, mecanismo com trava. Altura\u00a0:\u00a0 6 cm Largura\u00a0:\u00a0 7 cm<span class=\"excerpt-hellip\"> [\u2026]<\/span><\/p>\n","protected":false},"featured_media":2727,"comment_status":"open","ping_status":"closed","template":"","meta":[],"product_cat":[206,493,350],"product_tag":[941,514],"class_list":["post-5343","product","type-product","status-publish","has-post-thumbnail","hentry","product_cat-chaveiros","product_cat-ferramentas-e-lanternas","product_cat-fitness-e-lazer","product_tag-chaveiro-fita-metrica-3-metros-personalizada","product_tag-trena-personalizada"],"_links":{"self":[{"href":"https:\/\/vohnabrindes.com.br\/index.php\/wp-json\/wp\/v2\/product\/5343","targetHints":{"allow":["GET"]}}],"collection":[{"href":"https:\/\/vohnabrindes.com.br\/index.php\/wp-json\/wp\/v2\/product"}],"about":[{"href":"https:\/\/vohnabrindes.com.br\/index.php\/wp-json\/wp\/v2\/types\/product"}],"replies":[{"embeddable":true,"href":"https:\/\/vohnabrindes.com.br\/index.php\/wp-json\/wp\/v2\/comments?post=5343"}],"version-history":[{"count":1,"href":"https:\/\/vohnabrindes.com.br\/index.php\/wp-json\/wp\/v2\/product\/5343\/revisions"}],"predecessor-version":[{"id":5373,"href":"https:\/\/vohnabrindes.com.br\/index.php\/wp-json\/wp\/v2\/product\/5343\/revisions\/5373"}],"wp:featuredmedia":[{"embeddable":true,"href":"https:\/\/vohnabrindes.com.br\/index.php\/wp-json\/wp\/v2\/media\/2727"}],"wp:attachment":[{"href":"https:\/\/vohnabrindes.com.br\/index.php\/wp-json\/wp\/v2\/media?parent=5343"}],"wp:term":[{"taxonomy":"product_cat","embeddable":true,"href":"https:\/\/vohnabrindes.com.br\/index.php\/wp-json\/wp\/v2\/product_cat?post=5343"},{"taxonomy":"product_tag","embeddable":true,"href":"https:\/\/vohnabrindes.com.br\/index.php\/wp-json\/wp\/v2\/product_tag?post=5343"}],"curies":[{"name":"wp","href":"https:\/\/api.w.org\/{rel}","templated":true}]}}