{"id":5377,"date":"2025-05-30T21:40:12","date_gmt":"2025-05-31T00:40:12","guid":{"rendered":"https:\/\/vohnabrindes.com.br\/?post_type=product&#038;p=5377"},"modified":"2025-05-30T21:40:14","modified_gmt":"2025-05-31T00:40:14","slug":"bolsa-termica-personalizada-13","status":"publish","type":"product","link":"https:\/\/vohnabrindes.com.br\/index.php\/product\/bolsa-termica-personalizada-13\/","title":{"rendered":"Bolsa T\u00e9rmica Personalizada."},"content":{"rendered":"<pre class=\"mb-3\">BT310-<\/pre>\n<h4 class=\"mb-3\">Bolsa T\u00e9rmica Personalizada.<\/h4>\n<div class=\"d-block\">\n<div>\n<p>Bolsa t\u00e9rmica em tecido\u00a0poli\u00e9ster, bolso frontal, al\u00e7a de m\u00e3o, al\u00e7a de ombro regul\u00e1vel com 2 compartimentos t\u00e9rmicos.<\/p>\n<div class=\"d-flex justify-content-between align-items-center\">\n<div class=\"text-end w-50\"><strong>Dimens\u00e3o Produto:<\/strong>40x29x23cm<\/div>\n<\/div>\n<div class=\"d-flex justify-content-between align-items-center\">\n<div class=\"text-end w-50\"><strong>Peso do Produto:<\/strong>0,560kg<\/div>\n<\/div>\n<\/div>\n<\/div>\n","protected":false},"excerpt":{"rendered":"<p>BT310- Bolsa T\u00e9rmica Personalizada. Bolsa t\u00e9rmica em tecido\u00a0poli\u00e9ster, bolso frontal, al\u00e7a de m\u00e3o, al\u00e7a de ombro regul\u00e1vel com 2 compartimentos t\u00e9rmicos. Dimens\u00e3o Produto:40x29x23cm Peso do Produto:0,560kg<\/p>\n","protected":false},"featured_media":2737,"comment_status":"open","ping_status":"closed","template":"","meta":[],"product_cat":[145],"product_tag":[358],"class_list":["post-5377","product","type-product","status-publish","has-post-thumbnail","hentry","product_cat-bolsas-termicas-e-coolers","product_tag-bolsa-termica-personalizada"],"_links":{"self":[{"href":"https:\/\/vohnabrindes.com.br\/index.php\/wp-json\/wp\/v2\/product\/5377","targetHints":{"allow":["GET"]}}],"collection":[{"href":"https:\/\/vohnabrindes.com.br\/index.php\/wp-json\/wp\/v2\/product"}],"about":[{"href":"https:\/\/vohnabrindes.com.br\/index.php\/wp-json\/wp\/v2\/types\/product"}],"replies":[{"embeddable":true,"href":"https:\/\/vohnabrindes.com.br\/index.php\/wp-json\/wp\/v2\/comments?post=5377"}],"version-history":[{"count":1,"href":"https:\/\/vohnabrindes.com.br\/index.php\/wp-json\/wp\/v2\/product\/5377\/revisions"}],"predecessor-version":[{"id":5407,"href":"https:\/\/vohnabrindes.com.br\/index.php\/wp-json\/wp\/v2\/product\/5377\/revisions\/5407"}],"wp:featuredmedia":[{"embeddable":true,"href":"https:\/\/vohnabrindes.com.br\/index.php\/wp-json\/wp\/v2\/media\/2737"}],"wp:attachment":[{"href":"https:\/\/vohnabrindes.com.br\/index.php\/wp-json\/wp\/v2\/media?parent=5377"}],"wp:term":[{"taxonomy":"product_cat","embeddable":true,"href":"https:\/\/vohnabrindes.com.br\/index.php\/wp-json\/wp\/v2\/product_cat?post=5377"},{"taxonomy":"product_tag","embeddable":true,"href":"https:\/\/vohnabrindes.com.br\/index.php\/wp-json\/wp\/v2\/product_tag?post=5377"}],"curies":[{"name":"wp","href":"https:\/\/api.w.org\/{rel}","templated":true}]}}