{"id":5378,"date":"2025-05-30T21:40:12","date_gmt":"2025-05-31T00:40:12","guid":{"rendered":"https:\/\/vohnabrindes.com.br\/?post_type=product&#038;p=5378"},"modified":"2025-05-30T21:40:14","modified_gmt":"2025-05-31T00:40:14","slug":"mala-esportiva-personalizada","status":"publish","type":"product","link":"https:\/\/vohnabrindes.com.br\/index.php\/product\/mala-esportiva-personalizada\/","title":{"rendered":"Mala Esportiva Personalizada."},"content":{"rendered":"<pre class=\"mb-3\">ME550\r\nMala Esportiva Personalizada.<\/pre>\n<div class=\"d-block\">\n<div>\n<p>Mala\/Mochila esportiva em poli\u00e9ster, compartimento interno espa\u00e7oso ideal para rotina de treinos e viagens, al\u00e7a de m\u00e3o dupla, al\u00e7a de costas acolchoadas trazendo a possibilidade de usar como mochila, bolso externo com z\u00edper.<\/p>\n<div class=\"text-end w-50\"><strong>Dimens\u00e3o do produto:<\/strong>35x57x25cm<\/div>\n<\/div>\n<\/div>\n","protected":false},"excerpt":{"rendered":"<p>ME550 Mala Esportiva Personalizada. Mala\/Mochila esportiva em poli\u00e9ster, compartimento interno espa\u00e7oso ideal para rotina de treinos e viagens, al\u00e7a de m\u00e3o dupla, al\u00e7a de costas acolchoadas<span class=\"excerpt-hellip\"> [\u2026]<\/span><\/p>\n","protected":false},"featured_media":2739,"comment_status":"open","ping_status":"closed","template":"","meta":[],"product_cat":[171,312],"product_tag":[945,946],"class_list":["post-5378","product","type-product","status-publish","has-post-thumbnail","hentry","product_cat-mochilas-e-malas","product_cat-mochilas-saco-e-bolsas-esportivas","product_tag-bolsa-de-viagem-de-mao-personalizada","product_tag-mala-esportiva-personalizada"],"_links":{"self":[{"href":"https:\/\/vohnabrindes.com.br\/index.php\/wp-json\/wp\/v2\/product\/5378","targetHints":{"allow":["GET"]}}],"collection":[{"href":"https:\/\/vohnabrindes.com.br\/index.php\/wp-json\/wp\/v2\/product"}],"about":[{"href":"https:\/\/vohnabrindes.com.br\/index.php\/wp-json\/wp\/v2\/types\/product"}],"replies":[{"embeddable":true,"href":"https:\/\/vohnabrindes.com.br\/index.php\/wp-json\/wp\/v2\/comments?post=5378"}],"version-history":[{"count":1,"href":"https:\/\/vohnabrindes.com.br\/index.php\/wp-json\/wp\/v2\/product\/5378\/revisions"}],"predecessor-version":[{"id":5408,"href":"https:\/\/vohnabrindes.com.br\/index.php\/wp-json\/wp\/v2\/product\/5378\/revisions\/5408"}],"wp:featuredmedia":[{"embeddable":true,"href":"https:\/\/vohnabrindes.com.br\/index.php\/wp-json\/wp\/v2\/media\/2739"}],"wp:attachment":[{"href":"https:\/\/vohnabrindes.com.br\/index.php\/wp-json\/wp\/v2\/media?parent=5378"}],"wp:term":[{"taxonomy":"product_cat","embeddable":true,"href":"https:\/\/vohnabrindes.com.br\/index.php\/wp-json\/wp\/v2\/product_cat?post=5378"},{"taxonomy":"product_tag","embeddable":true,"href":"https:\/\/vohnabrindes.com.br\/index.php\/wp-json\/wp\/v2\/product_tag?post=5378"}],"curies":[{"name":"wp","href":"https:\/\/api.w.org\/{rel}","templated":true}]}}