{"id":5380,"date":"2025-05-30T21:40:12","date_gmt":"2025-05-31T00:40:12","guid":{"rendered":"https:\/\/vohnabrindes.com.br\/?post_type=product&#038;p=5380"},"modified":"2025-05-30T21:40:14","modified_gmt":"2025-05-31T00:40:14","slug":"bloco-de-anotacoes-com-caneta-personalizado","status":"publish","type":"product","link":"https:\/\/vohnabrindes.com.br\/index.php\/product\/bloco-de-anotacoes-com-caneta-personalizado\/","title":{"rendered":"Bloco de Anota\u00e7\u00f5es com Caneta Personalizado."},"content":{"rendered":"<h6 id=\"item_referencia\">06098<\/h6>\n<p class=\"produto-nome\">Bloco de Anota\u00e7\u00f5es com Caneta Personalizado.<\/p>\n<div class=\"caracs\">\n<div class=\"desc\">\n<p class=\"desc-tit\">\u00a0<span class=\"desc-sub my-desc-sub\">Bloco de anota\u00e7\u00f5es ecol\u00f3gico com caneta, capa produzida em papel\u00e3o com detalhe texturizado e verso liso. Cont\u00e9m miolo com aproximadamente 70 folhas pautadas, suporte de nylon e acompanha caneta de papel\u00e3o com clip e ponteira de pl\u00e1stico, carga esferogr\u00e1fica 1.0mm e acionamento por clique.<\/span><\/p>\n<\/div>\n<div class=\"desc\">\n<p class=\"desc-tit\">Altura<span class=\"desc-sub\">\u00a0:\u00a0 17,9 cm<\/span><\/p>\n<\/div>\n<div class=\"desc\">\n<p class=\"desc-tit\">Largura<span class=\"desc-sub\">\u00a0:\u00a0 14,6 cm<\/span><\/p>\n<\/div>\n<div class=\"desc\">\n<p class=\"desc-tit\">Espessura<span class=\"desc-sub\">\u00a0:\u00a0 1,8 cm<\/span><\/p>\n<\/div>\n<\/div>\n","protected":false},"excerpt":{"rendered":"<p>06098 Bloco de Anota\u00e7\u00f5es com Caneta Personalizado. \u00a0Bloco de anota\u00e7\u00f5es ecol\u00f3gico com caneta, capa produzida em papel\u00e3o com detalhe texturizado e verso liso. Cont\u00e9m miolo com<span class=\"excerpt-hellip\"> [\u2026]<\/span><\/p>\n","protected":false},"featured_media":2743,"comment_status":"open","ping_status":"closed","template":"","meta":[],"product_cat":[146],"product_tag":[148,949,216,803],"class_list":["post-5380","product","type-product","status-publish","has-post-thumbnail","hentry","product_cat-blocos-e-cadernetas","product_tag-bloco-de-anotacoes","product_tag-bloco-de-anotacoes-com-caneta-personalizado","product_tag-bloco-de-anotacoes-com-logo","product_tag-bloco-de-anotacoes-ecologicamente-correto-personalizado"],"_links":{"self":[{"href":"https:\/\/vohnabrindes.com.br\/index.php\/wp-json\/wp\/v2\/product\/5380","targetHints":{"allow":["GET"]}}],"collection":[{"href":"https:\/\/vohnabrindes.com.br\/index.php\/wp-json\/wp\/v2\/product"}],"about":[{"href":"https:\/\/vohnabrindes.com.br\/index.php\/wp-json\/wp\/v2\/types\/product"}],"replies":[{"embeddable":true,"href":"https:\/\/vohnabrindes.com.br\/index.php\/wp-json\/wp\/v2\/comments?post=5380"}],"version-history":[{"count":1,"href":"https:\/\/vohnabrindes.com.br\/index.php\/wp-json\/wp\/v2\/product\/5380\/revisions"}],"predecessor-version":[{"id":5410,"href":"https:\/\/vohnabrindes.com.br\/index.php\/wp-json\/wp\/v2\/product\/5380\/revisions\/5410"}],"wp:featuredmedia":[{"embeddable":true,"href":"https:\/\/vohnabrindes.com.br\/index.php\/wp-json\/wp\/v2\/media\/2743"}],"wp:attachment":[{"href":"https:\/\/vohnabrindes.com.br\/index.php\/wp-json\/wp\/v2\/media?parent=5380"}],"wp:term":[{"taxonomy":"product_cat","embeddable":true,"href":"https:\/\/vohnabrindes.com.br\/index.php\/wp-json\/wp\/v2\/product_cat?post=5380"},{"taxonomy":"product_tag","embeddable":true,"href":"https:\/\/vohnabrindes.com.br\/index.php\/wp-json\/wp\/v2\/product_tag?post=5380"}],"curies":[{"name":"wp","href":"https:\/\/api.w.org\/{rel}","templated":true}]}}