{"id":5382,"date":"2025-05-30T21:40:12","date_gmt":"2025-05-31T00:40:12","guid":{"rendered":"https:\/\/vohnabrindes.com.br\/?post_type=product&#038;p=5382"},"modified":"2025-05-30T21:40:14","modified_gmt":"2025-05-31T00:40:14","slug":"bloco-de-anotacoes-ecologico-com-caneta-personalizada","status":"publish","type":"product","link":"https:\/\/vohnabrindes.com.br\/index.php\/product\/bloco-de-anotacoes-ecologico-com-caneta-personalizada\/","title":{"rendered":"Bloco de Anota\u00e7\u00f5es Ecol\u00f3gico com Caneta personalizada."},"content":{"rendered":"<pre id=\"item_referencia\">05134<\/pre>\n<p class=\"produto-nome\">Bloco de Anota\u00e7\u00f5es Ecol\u00f3gico com Caneta personalizada.<\/p>\n<div class=\"caracs\">\n<div class=\"desc\">\n<p class=\"desc-tit\"><span class=\"desc-sub my-desc-sub\">Bloco de anota\u00e7\u00f5es ecol\u00f3gico com caneta. Capa de bambu. Possui aproximadamente 50 folhas brancas pautadas. Acompanha uma caneta de bambu com detalhes em metal.<\/span><\/p>\n<\/div>\n<div class=\"desc\">\n<p class=\"desc-tit\">Altura<span class=\"desc-sub\">\u00a0:\u00a0 14 cm<\/span><\/p>\n<\/div>\n<div class=\"desc\">\n<p class=\"desc-tit\">Largura<span class=\"desc-sub\">\u00a0:\u00a0 10,6 cm<\/span><\/p>\n<\/div>\n<div class=\"desc\">\n<p class=\"desc-tit\">Espessura<span class=\"desc-sub\">\u00a0:\u00a0 1,5 cm<\/span><\/p>\n<\/div>\n<div class=\"desc\">\n<p class=\"desc-tit\">Tamanho total aproximado <span class=\"desc-sub\">\u00a0(CxL):\u00a0 caneta: 13,8 cm x 1,4 cm<\/span><\/p>\n<\/div>\n<div class=\"desc\">\n<p class=\"desc-tit\">Peso aproximado<span class=\"desc-sub\">\u00a0(g):\u00a0 108<\/span><\/p>\n<\/div>\n<\/div>\n","protected":false},"excerpt":{"rendered":"<p>05134 Bloco de Anota\u00e7\u00f5es Ecol\u00f3gico com Caneta personalizada. Bloco de anota\u00e7\u00f5es ecol\u00f3gico com caneta. Capa de bambu. Possui aproximadamente 50 folhas brancas pautadas. Acompanha uma caneta<span class=\"excerpt-hellip\"> [\u2026]<\/span><\/p>\n","protected":false},"featured_media":2747,"comment_status":"open","ping_status":"closed","template":"","meta":[],"product_cat":[146,126],"product_tag":[951,952,159,675],"class_list":["post-5382","product","type-product","status-publish","has-post-thumbnail","hentry","product_cat-blocos-e-cadernetas","product_cat-linha-ecologica","product_tag-bloco-de-anotacoes-com-caneta-com-logomarca","product_tag-bloco-de-anotacoes-ecologico-com-caneta-personalizada","product_tag-bloco-ecologico","product_tag-bloco-personalizado"],"_links":{"self":[{"href":"https:\/\/vohnabrindes.com.br\/index.php\/wp-json\/wp\/v2\/product\/5382","targetHints":{"allow":["GET"]}}],"collection":[{"href":"https:\/\/vohnabrindes.com.br\/index.php\/wp-json\/wp\/v2\/product"}],"about":[{"href":"https:\/\/vohnabrindes.com.br\/index.php\/wp-json\/wp\/v2\/types\/product"}],"replies":[{"embeddable":true,"href":"https:\/\/vohnabrindes.com.br\/index.php\/wp-json\/wp\/v2\/comments?post=5382"}],"version-history":[{"count":1,"href":"https:\/\/vohnabrindes.com.br\/index.php\/wp-json\/wp\/v2\/product\/5382\/revisions"}],"predecessor-version":[{"id":5412,"href":"https:\/\/vohnabrindes.com.br\/index.php\/wp-json\/wp\/v2\/product\/5382\/revisions\/5412"}],"wp:featuredmedia":[{"embeddable":true,"href":"https:\/\/vohnabrindes.com.br\/index.php\/wp-json\/wp\/v2\/media\/2747"}],"wp:attachment":[{"href":"https:\/\/vohnabrindes.com.br\/index.php\/wp-json\/wp\/v2\/media?parent=5382"}],"wp:term":[{"taxonomy":"product_cat","embeddable":true,"href":"https:\/\/vohnabrindes.com.br\/index.php\/wp-json\/wp\/v2\/product_cat?post=5382"},{"taxonomy":"product_tag","embeddable":true,"href":"https:\/\/vohnabrindes.com.br\/index.php\/wp-json\/wp\/v2\/product_tag?post=5382"}],"curies":[{"name":"wp","href":"https:\/\/api.w.org\/{rel}","templated":true}]}}