{"id":5387,"date":"2025-05-30T21:40:13","date_gmt":"2025-05-31T00:40:13","guid":{"rendered":"https:\/\/vohnabrindes.com.br\/?post_type=product&#038;p=5387"},"modified":"2025-05-30T21:40:14","modified_gmt":"2025-05-31T00:40:14","slug":"caneta-metalica-personalizada-2","status":"publish","type":"product","link":"https:\/\/vohnabrindes.com.br\/index.php\/product\/caneta-metalica-personalizada-2\/","title":{"rendered":"Caneta Met\u00e1lica Personalizada."},"content":{"rendered":"<pre class=\"mb-3\">CM3880\r\n\r\nCaneta Met\u00e1lica Personalizada.<\/pre>\n<div class=\"d-block\">\n<div>\n<pre>Caneta esferogr\u00e1fica em alum\u00ednio recicl\u00e1vel com escrita em azul. Refil tipo parker.<\/pre>\n<\/div>\n<\/div>\n","protected":false},"excerpt":{"rendered":"<p>CM3880 Caneta Met\u00e1lica Personalizada. Caneta esferogr\u00e1fica em alum\u00ednio recicl\u00e1vel com escrita em azul. Refil tipo parker.<\/p>\n","protected":false},"featured_media":2842,"comment_status":"open","ping_status":"closed","template":"","meta":[],"product_cat":[530,152],"product_tag":[549,221,222],"class_list":["post-5387","product","type-product","status-publish","has-post-thumbnail","hentry","product_cat-canetas-de-metal","product_cat-lancamentos","product_tag-caneta-metalica-personalizada","product_tag-caneta-personalizada","product_tag-caneta-personallizada"],"_links":{"self":[{"href":"https:\/\/vohnabrindes.com.br\/index.php\/wp-json\/wp\/v2\/product\/5387","targetHints":{"allow":["GET"]}}],"collection":[{"href":"https:\/\/vohnabrindes.com.br\/index.php\/wp-json\/wp\/v2\/product"}],"about":[{"href":"https:\/\/vohnabrindes.com.br\/index.php\/wp-json\/wp\/v2\/types\/product"}],"replies":[{"embeddable":true,"href":"https:\/\/vohnabrindes.com.br\/index.php\/wp-json\/wp\/v2\/comments?post=5387"}],"version-history":[{"count":1,"href":"https:\/\/vohnabrindes.com.br\/index.php\/wp-json\/wp\/v2\/product\/5387\/revisions"}],"predecessor-version":[{"id":5417,"href":"https:\/\/vohnabrindes.com.br\/index.php\/wp-json\/wp\/v2\/product\/5387\/revisions\/5417"}],"wp:featuredmedia":[{"embeddable":true,"href":"https:\/\/vohnabrindes.com.br\/index.php\/wp-json\/wp\/v2\/media\/2842"}],"wp:attachment":[{"href":"https:\/\/vohnabrindes.com.br\/index.php\/wp-json\/wp\/v2\/media?parent=5387"}],"wp:term":[{"taxonomy":"product_cat","embeddable":true,"href":"https:\/\/vohnabrindes.com.br\/index.php\/wp-json\/wp\/v2\/product_cat?post=5387"},{"taxonomy":"product_tag","embeddable":true,"href":"https:\/\/vohnabrindes.com.br\/index.php\/wp-json\/wp\/v2\/product_tag?post=5387"}],"curies":[{"name":"wp","href":"https:\/\/api.w.org\/{rel}","templated":true}]}}