{"id":5390,"date":"2025-05-30T21:40:13","date_gmt":"2025-05-31T00:40:13","guid":{"rendered":"https:\/\/vohnabrindes.com.br\/?post_type=product&#038;p=5390"},"modified":"2025-05-30T21:40:15","modified_gmt":"2025-05-31T00:40:15","slug":"garrafa-pet-de-550ml-personalizada","status":"publish","type":"product","link":"https:\/\/vohnabrindes.com.br\/index.php\/product\/garrafa-pet-de-550ml-personalizada\/","title":{"rendered":"Garrafa PET de 550ml Personalizada."},"content":{"rendered":"<h6 class=\"mb-3\">GA7520<\/h6>\n<h6 class=\"mb-3\">Garrafa PET de 550ml Personalizada.<\/h6>\n<div class=\"d-block\">\n<div>\n<h6>Garrafa *RPET com capacidade de at\u00e9 550ml, tampa pl\u00e1stica com al\u00e7a integrada.<\/h6>\n<h6>*RPET: Tereftalato de polietileno reciclado<\/h6>\n<\/div>\n<\/div>\n","protected":false},"excerpt":{"rendered":"<p>GA7520 Garrafa PET de 550ml Personalizada. Garrafa *RPET com capacidade de at\u00e9 550ml, tampa pl\u00e1stica com al\u00e7a integrada. *RPET: Tereftalato de polietileno reciclado<\/p>\n","protected":false},"featured_media":2848,"comment_status":"open","ping_status":"closed","template":"","meta":[],"product_cat":[129],"product_tag":[960,435,440],"class_list":["post-5390","product","type-product","status-publish","has-post-thumbnail","hentry","product_cat-garrafas-e-squeezes","product_tag-garrafa-pet-de-550ml-personalizada","product_tag-squeeze-personalizado","product_tag-squeeze-pet"],"_links":{"self":[{"href":"https:\/\/vohnabrindes.com.br\/index.php\/wp-json\/wp\/v2\/product\/5390","targetHints":{"allow":["GET"]}}],"collection":[{"href":"https:\/\/vohnabrindes.com.br\/index.php\/wp-json\/wp\/v2\/product"}],"about":[{"href":"https:\/\/vohnabrindes.com.br\/index.php\/wp-json\/wp\/v2\/types\/product"}],"replies":[{"embeddable":true,"href":"https:\/\/vohnabrindes.com.br\/index.php\/wp-json\/wp\/v2\/comments?post=5390"}],"version-history":[{"count":1,"href":"https:\/\/vohnabrindes.com.br\/index.php\/wp-json\/wp\/v2\/product\/5390\/revisions"}],"predecessor-version":[{"id":5420,"href":"https:\/\/vohnabrindes.com.br\/index.php\/wp-json\/wp\/v2\/product\/5390\/revisions\/5420"}],"wp:featuredmedia":[{"embeddable":true,"href":"https:\/\/vohnabrindes.com.br\/index.php\/wp-json\/wp\/v2\/media\/2848"}],"wp:attachment":[{"href":"https:\/\/vohnabrindes.com.br\/index.php\/wp-json\/wp\/v2\/media?parent=5390"}],"wp:term":[{"taxonomy":"product_cat","embeddable":true,"href":"https:\/\/vohnabrindes.com.br\/index.php\/wp-json\/wp\/v2\/product_cat?post=5390"},{"taxonomy":"product_tag","embeddable":true,"href":"https:\/\/vohnabrindes.com.br\/index.php\/wp-json\/wp\/v2\/product_tag?post=5390"}],"curies":[{"name":"wp","href":"https:\/\/api.w.org\/{rel}","templated":true}]}}