{"id":5392,"date":"2025-05-30T21:40:13","date_gmt":"2025-05-31T00:40:13","guid":{"rendered":"https:\/\/vohnabrindes.com.br\/?post_type=product&#038;p=5392"},"modified":"2025-05-30T21:40:15","modified_gmt":"2025-05-31T00:40:15","slug":"carregador-portatil-em-bambu-personalizado","status":"publish","type":"product","link":"https:\/\/vohnabrindes.com.br\/index.php\/product\/carregador-portatil-em-bambu-personalizado\/","title":{"rendered":"Carregador port\u00e1til em bambu personalizado."},"content":{"rendered":"<pre class=\"ref\">97128\r\n\r\nDAIMLER. Carregador port\u00e1til em bambu 15 W personalizado.<\/pre>\n<div class=\"texto\">Carregador magn\u00e9tico wireless em bambu. Pot\u00eancia de carregamento r\u00e1pido de 15W. Incluso cabo de carregamento USB-C de 1 metro. Fornecido em caixa presente de papel kraft. \u00d859 x 8 mm<\/div>\n","protected":false},"excerpt":{"rendered":"<p>97128 DAIMLER. Carregador port\u00e1til em bambu 15 W personalizado. Carregador magn\u00e9tico wireless em bambu. Pot\u00eancia de carregamento r\u00e1pido de 15W. Incluso cabo de carregamento USB-C de<span class=\"excerpt-hellip\"> [\u2026]<\/span><\/p>\n","protected":false},"featured_media":2856,"comment_status":"open","ping_status":"closed","template":"","meta":[],"product_cat":[125,126],"product_tag":[962],"class_list":["post-5392","product","type-product","status-publish","has-post-thumbnail","hentry","product_cat-carregadores-powerbank","product_cat-linha-ecologica","product_tag-carregador-portatil-em-bambu-personalizado"],"_links":{"self":[{"href":"https:\/\/vohnabrindes.com.br\/index.php\/wp-json\/wp\/v2\/product\/5392","targetHints":{"allow":["GET"]}}],"collection":[{"href":"https:\/\/vohnabrindes.com.br\/index.php\/wp-json\/wp\/v2\/product"}],"about":[{"href":"https:\/\/vohnabrindes.com.br\/index.php\/wp-json\/wp\/v2\/types\/product"}],"replies":[{"embeddable":true,"href":"https:\/\/vohnabrindes.com.br\/index.php\/wp-json\/wp\/v2\/comments?post=5392"}],"version-history":[{"count":1,"href":"https:\/\/vohnabrindes.com.br\/index.php\/wp-json\/wp\/v2\/product\/5392\/revisions"}],"predecessor-version":[{"id":5422,"href":"https:\/\/vohnabrindes.com.br\/index.php\/wp-json\/wp\/v2\/product\/5392\/revisions\/5422"}],"wp:featuredmedia":[{"embeddable":true,"href":"https:\/\/vohnabrindes.com.br\/index.php\/wp-json\/wp\/v2\/media\/2856"}],"wp:attachment":[{"href":"https:\/\/vohnabrindes.com.br\/index.php\/wp-json\/wp\/v2\/media?parent=5392"}],"wp:term":[{"taxonomy":"product_cat","embeddable":true,"href":"https:\/\/vohnabrindes.com.br\/index.php\/wp-json\/wp\/v2\/product_cat?post=5392"},{"taxonomy":"product_tag","embeddable":true,"href":"https:\/\/vohnabrindes.com.br\/index.php\/wp-json\/wp\/v2\/product_tag?post=5392"}],"curies":[{"name":"wp","href":"https:\/\/api.w.org\/{rel}","templated":true}]}}