{"id":5394,"date":"2025-05-30T21:40:13","date_gmt":"2025-05-31T00:40:13","guid":{"rendered":"https:\/\/vohnabrindes.com.br\/?post_type=product&#038;p=5394"},"modified":"2025-05-30T21:40:15","modified_gmt":"2025-05-31T00:40:15","slug":"bateria-portatil-slim-personalizada","status":"publish","type":"product","link":"https:\/\/vohnabrindes.com.br\/index.php\/product\/bateria-portatil-slim-personalizada\/","title":{"rendered":"Bateria port\u00e1til slim personalizada."},"content":{"rendered":"<div class=\"ref\">57344 cOULOMB 4.0.<\/div>\n<div><\/div>\n<div class=\"ref\">Bateria port\u00e1til slim personalizada.<\/div>\n<div class=\"texto\">Bateria port\u00e1til slim em alum\u00ednio. Bateria de l\u00edtio com capacidade de 4.000 mAh, tempo de vida \u2265 500 ciclos e com entrada\/sa\u00edda 5V\/1A. Incluso cabo USB \/ micro USB para carregar a bateria. Fornecida em caixa presente. 110 x 68 x 10 mm<\/div>\n","protected":false},"excerpt":{"rendered":"<p>57344 cOULOMB 4.0. Bateria port\u00e1til slim personalizada. Bateria port\u00e1til slim em alum\u00ednio. Bateria de l\u00edtio com capacidade de 4.000 mAh, tempo de vida \u2265 500 ciclos<span class=\"excerpt-hellip\"> [\u2026]<\/span><\/p>\n","protected":false},"featured_media":2860,"comment_status":"open","ping_status":"closed","template":"","meta":[],"product_cat":[125],"product_tag":[964,128],"class_list":["post-5394","product","type-product","status-publish","has-post-thumbnail","hentry","product_cat-carregadores-powerbank","product_tag-bateria-portatil-slim-personalizada","product_tag-carregador-power-bank-personalizado"],"_links":{"self":[{"href":"https:\/\/vohnabrindes.com.br\/index.php\/wp-json\/wp\/v2\/product\/5394","targetHints":{"allow":["GET"]}}],"collection":[{"href":"https:\/\/vohnabrindes.com.br\/index.php\/wp-json\/wp\/v2\/product"}],"about":[{"href":"https:\/\/vohnabrindes.com.br\/index.php\/wp-json\/wp\/v2\/types\/product"}],"replies":[{"embeddable":true,"href":"https:\/\/vohnabrindes.com.br\/index.php\/wp-json\/wp\/v2\/comments?post=5394"}],"version-history":[{"count":1,"href":"https:\/\/vohnabrindes.com.br\/index.php\/wp-json\/wp\/v2\/product\/5394\/revisions"}],"predecessor-version":[{"id":5424,"href":"https:\/\/vohnabrindes.com.br\/index.php\/wp-json\/wp\/v2\/product\/5394\/revisions\/5424"}],"wp:featuredmedia":[{"embeddable":true,"href":"https:\/\/vohnabrindes.com.br\/index.php\/wp-json\/wp\/v2\/media\/2860"}],"wp:attachment":[{"href":"https:\/\/vohnabrindes.com.br\/index.php\/wp-json\/wp\/v2\/media?parent=5394"}],"wp:term":[{"taxonomy":"product_cat","embeddable":true,"href":"https:\/\/vohnabrindes.com.br\/index.php\/wp-json\/wp\/v2\/product_cat?post=5394"},{"taxonomy":"product_tag","embeddable":true,"href":"https:\/\/vohnabrindes.com.br\/index.php\/wp-json\/wp\/v2\/product_tag?post=5394"}],"curies":[{"name":"wp","href":"https:\/\/api.w.org\/{rel}","templated":true}]}}