{"id":5399,"date":"2025-05-30T21:40:13","date_gmt":"2025-05-31T00:40:13","guid":{"rendered":"https:\/\/vohnabrindes.com.br\/?post_type=product&#038;p=5399"},"modified":"2025-05-30T21:40:15","modified_gmt":"2025-05-31T00:40:15","slug":"estojo-fibra-de-bambu-personalizado","status":"publish","type":"product","link":"https:\/\/vohnabrindes.com.br\/index.php\/product\/estojo-fibra-de-bambu-personalizado\/","title":{"rendered":"Estojo Fibra de Bambu Personalizado."},"content":{"rendered":"<pre id=\"item_referencia\">10398P<\/pre>\n<p class=\"produto-nome\">Estojo Fibra de Bambu Personalizado.<\/p>\n<div class=\"caracs\">\n<div class=\"desc\">\n<p class=\"desc-tit\"><span class=\"desc-sub my-desc-sub\">Estojo fibra de bambu para uma caneta, cont\u00e9m ber\u00e7o de espuma interno. OBS.: IMAGEM MERAMENTE ILUSTRATIVA, N\u00c3O ACOMPANHA CANETA!<\/span><\/p>\n<\/div>\n<div class=\"desc\">\n<p class=\"desc-tit\">Altura<span class=\"desc-sub\">\u00a0:\u00a0 2,6 cm<\/span><\/p>\n<\/div>\n<div class=\"desc\">\n<p class=\"desc-tit\">Largura<span class=\"desc-sub\">\u00a0:\u00a0 5,1 cm<\/span><\/p>\n<\/div>\n<div class=\"desc\">\n<p class=\"desc-tit\">Comprimento<span class=\"desc-sub\">\u00a0:\u00a0 17,1 cm<\/span><\/p>\n<\/div>\n<div class=\"desc\">\n<p class=\"desc-tit\">Medidas aproximadas para grava\u00e7\u00e3o<span class=\"desc-sub\">\u00a0(CxL):\u00a0 4 cm x 16,5 cm<\/span><\/p>\n<\/div>\n<div class=\"desc\">\n<p class=\"desc-tit\">Peso aproximado<span class=\"desc-sub\">\u00a0(g):\u00a0 50<\/span><\/p>\n<\/div>\n<\/div>\n","protected":false},"excerpt":{"rendered":"<p>10398P Estojo Fibra de Bambu Personalizado. Estojo fibra de bambu para uma caneta, cont\u00e9m ber\u00e7o de espuma interno. OBS.: IMAGEM MERAMENTE ILUSTRATIVA, N\u00c3O ACOMPANHA CANETA! Altura\u00a0:\u00a0<span class=\"excerpt-hellip\"> [\u2026]<\/span><\/p>\n","protected":false},"featured_media":2874,"comment_status":"open","ping_status":"closed","template":"","meta":[],"product_cat":[169],"product_tag":[967,968],"class_list":["post-5399","product","type-product","status-publish","has-post-thumbnail","hentry","product_cat-embalagens","product_tag-embalagem-para-caneta","product_tag-estojo-fibra-de-bambu-personalizado"],"_links":{"self":[{"href":"https:\/\/vohnabrindes.com.br\/index.php\/wp-json\/wp\/v2\/product\/5399","targetHints":{"allow":["GET"]}}],"collection":[{"href":"https:\/\/vohnabrindes.com.br\/index.php\/wp-json\/wp\/v2\/product"}],"about":[{"href":"https:\/\/vohnabrindes.com.br\/index.php\/wp-json\/wp\/v2\/types\/product"}],"replies":[{"embeddable":true,"href":"https:\/\/vohnabrindes.com.br\/index.php\/wp-json\/wp\/v2\/comments?post=5399"}],"version-history":[{"count":1,"href":"https:\/\/vohnabrindes.com.br\/index.php\/wp-json\/wp\/v2\/product\/5399\/revisions"}],"predecessor-version":[{"id":5429,"href":"https:\/\/vohnabrindes.com.br\/index.php\/wp-json\/wp\/v2\/product\/5399\/revisions\/5429"}],"wp:featuredmedia":[{"embeddable":true,"href":"https:\/\/vohnabrindes.com.br\/index.php\/wp-json\/wp\/v2\/media\/2874"}],"wp:attachment":[{"href":"https:\/\/vohnabrindes.com.br\/index.php\/wp-json\/wp\/v2\/media?parent=5399"}],"wp:term":[{"taxonomy":"product_cat","embeddable":true,"href":"https:\/\/vohnabrindes.com.br\/index.php\/wp-json\/wp\/v2\/product_cat?post=5399"},{"taxonomy":"product_tag","embeddable":true,"href":"https:\/\/vohnabrindes.com.br\/index.php\/wp-json\/wp\/v2\/product_tag?post=5399"}],"curies":[{"name":"wp","href":"https:\/\/api.w.org\/{rel}","templated":true}]}}