{"id":5403,"date":"2025-05-30T21:40:13","date_gmt":"2025-05-31T00:40:13","guid":{"rendered":"https:\/\/vohnabrindes.com.br\/?post_type=product&#038;p=5403"},"modified":"2025-05-30T21:40:15","modified_gmt":"2025-05-31T00:40:15","slug":"caixa-de-som-com-carregador-inducao-personalizada","status":"publish","type":"product","link":"https:\/\/vohnabrindes.com.br\/index.php\/product\/caixa-de-som-com-carregador-inducao-personalizada\/","title":{"rendered":"Caixa de Som com Carregador Indu\u00e7\u00e3o personalizada."},"content":{"rendered":"<h6 id=\"item_referencia\">06093- Caixa de Som com Carregador Indu\u00e7\u00e3o personalizada.<\/h6>\n<div class=\"caracs\">\n<p class=\"desc-tit\"><span class=\"desc-sub my-desc-sub\">Caixa de som com carregador por indu\u00e7\u00e3o e lumin\u00e1ria. Possui 6 modos de ilumina\u00e7\u00e3o, opera nos modos bluetooth, r\u00e1dio FM, auxiliar P2, USB e TF (cart\u00e3o MicroSD). Para desfrutar do carregamento por indu\u00e7\u00e3o (sem fio) \u00e9 fundamental que o celular possua a tecnologia QI, o produto s\u00f3 armazena bateria para funcionamento pr\u00f3prio, para funcionar a indu\u00e7\u00e3o precisa estar conectado a uma fonte de energia.<\/span><\/p>\n<p class=\"desc-tit\">Altura<span class=\"desc-sub\"> :\u00a0 21,7 cm x <\/span>Largura<span class=\"desc-sub\"> :\u00a0 23,6 cm x <\/span>Espessura<span class=\"desc-sub\">\u00a0:\u00a0 8,1 cm<\/span><\/p>\n<p class=\"desc-tit\">Peso aproximado<span class=\"desc-sub\">\u00a0(g):\u00a0 694<\/span><\/p>\n<\/div>\n","protected":false},"excerpt":{"rendered":"<p>06093- Caixa de Som com Carregador Indu\u00e7\u00e3o personalizada. Caixa de som com carregador por indu\u00e7\u00e3o e lumin\u00e1ria. Possui 6 modos de ilumina\u00e7\u00e3o, opera nos modos bluetooth,<span class=\"excerpt-hellip\"> [\u2026]<\/span><\/p>\n","protected":false},"featured_media":2889,"comment_status":"open","ping_status":"closed","template":"","meta":[],"product_cat":[377,152],"product_tag":[970,380],"class_list":["post-5403","product","type-product","status-publish","has-post-thumbnail","hentry","product_cat-informatica-som-e-tecnologia","product_cat-lancamentos","product_tag-caixa-de-som-com-carregador-inducao-personalizada","product_tag-caixa-de-som-com-microfone-personalizada"],"_links":{"self":[{"href":"https:\/\/vohnabrindes.com.br\/index.php\/wp-json\/wp\/v2\/product\/5403","targetHints":{"allow":["GET"]}}],"collection":[{"href":"https:\/\/vohnabrindes.com.br\/index.php\/wp-json\/wp\/v2\/product"}],"about":[{"href":"https:\/\/vohnabrindes.com.br\/index.php\/wp-json\/wp\/v2\/types\/product"}],"replies":[{"embeddable":true,"href":"https:\/\/vohnabrindes.com.br\/index.php\/wp-json\/wp\/v2\/comments?post=5403"}],"version-history":[{"count":1,"href":"https:\/\/vohnabrindes.com.br\/index.php\/wp-json\/wp\/v2\/product\/5403\/revisions"}],"predecessor-version":[{"id":5433,"href":"https:\/\/vohnabrindes.com.br\/index.php\/wp-json\/wp\/v2\/product\/5403\/revisions\/5433"}],"wp:featuredmedia":[{"embeddable":true,"href":"https:\/\/vohnabrindes.com.br\/index.php\/wp-json\/wp\/v2\/media\/2889"}],"wp:attachment":[{"href":"https:\/\/vohnabrindes.com.br\/index.php\/wp-json\/wp\/v2\/media?parent=5403"}],"wp:term":[{"taxonomy":"product_cat","embeddable":true,"href":"https:\/\/vohnabrindes.com.br\/index.php\/wp-json\/wp\/v2\/product_cat?post=5403"},{"taxonomy":"product_tag","embeddable":true,"href":"https:\/\/vohnabrindes.com.br\/index.php\/wp-json\/wp\/v2\/product_tag?post=5403"}],"curies":[{"name":"wp","href":"https:\/\/api.w.org\/{rel}","templated":true}]}}