{"id":5435,"date":"2025-05-30T21:40:16","date_gmt":"2025-05-31T00:40:16","guid":{"rendered":"https:\/\/vohnabrindes.com.br\/?post_type=product&#038;p=5435"},"modified":"2025-05-30T21:40:18","modified_gmt":"2025-05-31T00:40:18","slug":"porta-joias-com-espelho-personalizado","status":"publish","type":"product","link":"https:\/\/vohnabrindes.com.br\/index.php\/product\/porta-joias-com-espelho-personalizado\/","title":{"rendered":"Porta-joias com Espelho Personalizado."},"content":{"rendered":"<pre id=\"item_referencia\">08073<\/pre>\n<p class=\"produto-nome\">Porta-joias com Espelho Personalizado.<\/p>\n<div class=\"caracs\">\n<div class=\"desc\">\n<p class=\"desc-tit\"><span class=\"desc-sub my-desc-sub\">Porta-joias com espelho, produzido em pl\u00e1stico com al\u00e7a de couro sint\u00e9tico e ber\u00e7o de silicone remov\u00edvel.<\/span><\/p>\n<\/div>\n<div class=\"desc\">\n<p class=\"desc-tit\">Altura<span class=\"desc-sub\">\u00a0:\u00a0 3,8 cm<\/span><\/p>\n<\/div>\n<div class=\"desc\">\n<p class=\"desc-tit\">Largura<span class=\"desc-sub\">\u00a0:\u00a0 9,8 cm<\/span><\/p>\n<\/div>\n<div class=\"desc\">\n<p class=\"desc-tit\">Comprimento<span class=\"desc-sub\">\u00a0:\u00a0 9,3 cm<\/span><\/p>\n<\/div>\n<div class=\"desc\">\n<p class=\"desc-tit\">Medidas aproximadas para grava\u00e7\u00e3o<span class=\"desc-sub\">\u00a0(CxL):\u00a0 3,4 cm x 3,4 cm<\/span><\/p>\n<\/div>\n<div class=\"desc\">\n<p class=\"desc-tit\">Peso aproximado<span class=\"desc-sub\">\u00a0(g):\u00a0 117<\/span><\/p>\n<\/div>\n<\/div>\n","protected":false},"excerpt":{"rendered":"<p>08073 Porta-joias com Espelho Personalizado. Porta-joias com espelho, produzido em pl\u00e1stico com al\u00e7a de couro sint\u00e9tico e ber\u00e7o de silicone remov\u00edvel. Altura\u00a0:\u00a0 3,8 cm Largura\u00a0:\u00a0 9,8<span class=\"excerpt-hellip\"> [\u2026]<\/span><\/p>\n","protected":false},"featured_media":2893,"comment_status":"open","ping_status":"closed","template":"","meta":[],"product_cat":[152,184],"product_tag":[190,775,837,972],"class_list":["post-5435","product","type-product","status-publish","has-post-thumbnail","hentry","product_cat-lancamentos","product_cat-linha-feminina","product_tag-brindes-femininos","product_tag-espelho-personalizado","product_tag-porta-joias-personalizada","product_tag-porta-joias-com-espelho-personalizado"],"_links":{"self":[{"href":"https:\/\/vohnabrindes.com.br\/index.php\/wp-json\/wp\/v2\/product\/5435","targetHints":{"allow":["GET"]}}],"collection":[{"href":"https:\/\/vohnabrindes.com.br\/index.php\/wp-json\/wp\/v2\/product"}],"about":[{"href":"https:\/\/vohnabrindes.com.br\/index.php\/wp-json\/wp\/v2\/types\/product"}],"replies":[{"embeddable":true,"href":"https:\/\/vohnabrindes.com.br\/index.php\/wp-json\/wp\/v2\/comments?post=5435"}],"version-history":[{"count":1,"href":"https:\/\/vohnabrindes.com.br\/index.php\/wp-json\/wp\/v2\/product\/5435\/revisions"}],"predecessor-version":[{"id":5465,"href":"https:\/\/vohnabrindes.com.br\/index.php\/wp-json\/wp\/v2\/product\/5435\/revisions\/5465"}],"wp:featuredmedia":[{"embeddable":true,"href":"https:\/\/vohnabrindes.com.br\/index.php\/wp-json\/wp\/v2\/media\/2893"}],"wp:attachment":[{"href":"https:\/\/vohnabrindes.com.br\/index.php\/wp-json\/wp\/v2\/media?parent=5435"}],"wp:term":[{"taxonomy":"product_cat","embeddable":true,"href":"https:\/\/vohnabrindes.com.br\/index.php\/wp-json\/wp\/v2\/product_cat?post=5435"},{"taxonomy":"product_tag","embeddable":true,"href":"https:\/\/vohnabrindes.com.br\/index.php\/wp-json\/wp\/v2\/product_tag?post=5435"}],"curies":[{"name":"wp","href":"https:\/\/api.w.org\/{rel}","templated":true}]}}