{"id":5436,"date":"2025-05-30T21:40:16","date_gmt":"2025-05-31T00:40:16","guid":{"rendered":"https:\/\/vohnabrindes.com.br\/?post_type=product&#038;p=5436"},"modified":"2025-05-30T21:40:18","modified_gmt":"2025-05-31T00:40:18","slug":"mouse-pad-carregador-personalizado","status":"publish","type":"product","link":"https:\/\/vohnabrindes.com.br\/index.php\/product\/mouse-pad-carregador-personalizado\/","title":{"rendered":"Mouse Pad Carregador personalizado."},"content":{"rendered":"<pre id=\"item_referencia\">08001<\/pre>\n<p class=\"produto-nome\">Mouse Pad Carregador personalizado.<\/p>\n<div class=\"caracs\">\n<div class=\"desc\">\n<p class=\"desc-tit\"><span class=\"desc-sub my-desc-sub\">Mouse pad com carregamento via indu\u00e7\u00e3o. Feito em neoprene com verso emborrachado antideslizante, este mouse pad oferece estabilidade e mais praticidade no dia a dia, gra\u00e7as \u00e0 sua base pl\u00e1stica com carregamento por indu\u00e7\u00e3o. Acompanha cabo USB V8.<\/span><\/p>\n<\/div>\n<div class=\"desc\">\n<p class=\"desc-tit\">Altura<span class=\"desc-sub\">\u00a0:\u00a0 21,6 cm<\/span><\/p>\n<\/div>\n<div class=\"desc\">\n<p class=\"desc-tit\">Largura<span class=\"desc-sub\">\u00a0:\u00a0 30 cm<\/span><\/p>\n<\/div>\n<div class=\"desc\">\n<p class=\"desc-tit\">Espessura<span class=\"desc-sub\">\u00a0:\u00a0 0,3 cm<\/span><\/p>\n<\/div>\n<div class=\"desc\">\n<p class=\"desc-tit\">Medidas aproximadas para grava\u00e7\u00e3o<span class=\"desc-sub\">\u00a0(CxL):\u00a0 8,5 cm x 6,5 (base) &#8211; 21 cm x 22 cm (mouse pad)<\/span><\/p>\n<\/div>\n<div class=\"desc\">\n<p class=\"desc-tit\">Peso aproximado<span class=\"desc-sub\">\u00a0(g):\u00a0 200<\/span><\/p>\n<\/div>\n<\/div>\n","protected":false},"excerpt":{"rendered":"<p>08001 Mouse Pad Carregador personalizado. Mouse pad com carregamento via indu\u00e7\u00e3o. Feito em neoprene com verso emborrachado antideslizante, este mouse pad oferece estabilidade e mais praticidade<span class=\"excerpt-hellip\"> [\u2026]<\/span><\/p>\n","protected":false},"featured_media":2900,"comment_status":"open","ping_status":"closed","template":"","meta":[],"product_cat":[377,152],"product_tag":[],"class_list":["post-5436","product","type-product","status-publish","has-post-thumbnail","hentry","product_cat-informatica-som-e-tecnologia","product_cat-lancamentos"],"_links":{"self":[{"href":"https:\/\/vohnabrindes.com.br\/index.php\/wp-json\/wp\/v2\/product\/5436","targetHints":{"allow":["GET"]}}],"collection":[{"href":"https:\/\/vohnabrindes.com.br\/index.php\/wp-json\/wp\/v2\/product"}],"about":[{"href":"https:\/\/vohnabrindes.com.br\/index.php\/wp-json\/wp\/v2\/types\/product"}],"replies":[{"embeddable":true,"href":"https:\/\/vohnabrindes.com.br\/index.php\/wp-json\/wp\/v2\/comments?post=5436"}],"version-history":[{"count":1,"href":"https:\/\/vohnabrindes.com.br\/index.php\/wp-json\/wp\/v2\/product\/5436\/revisions"}],"predecessor-version":[{"id":5466,"href":"https:\/\/vohnabrindes.com.br\/index.php\/wp-json\/wp\/v2\/product\/5436\/revisions\/5466"}],"wp:featuredmedia":[{"embeddable":true,"href":"https:\/\/vohnabrindes.com.br\/index.php\/wp-json\/wp\/v2\/media\/2900"}],"wp:attachment":[{"href":"https:\/\/vohnabrindes.com.br\/index.php\/wp-json\/wp\/v2\/media?parent=5436"}],"wp:term":[{"taxonomy":"product_cat","embeddable":true,"href":"https:\/\/vohnabrindes.com.br\/index.php\/wp-json\/wp\/v2\/product_cat?post=5436"},{"taxonomy":"product_tag","embeddable":true,"href":"https:\/\/vohnabrindes.com.br\/index.php\/wp-json\/wp\/v2\/product_tag?post=5436"}],"curies":[{"name":"wp","href":"https:\/\/api.w.org\/{rel}","templated":true}]}}