{"id":5439,"date":"2025-05-30T21:40:16","date_gmt":"2025-05-31T00:40:16","guid":{"rendered":"https:\/\/vohnabrindes.com.br\/?post_type=product&#038;p=5439"},"modified":"2025-05-30T21:40:18","modified_gmt":"2025-05-31T00:40:18","slug":"tag-identificador-de-bagagem-personalizado","status":"publish","type":"product","link":"https:\/\/vohnabrindes.com.br\/index.php\/product\/tag-identificador-de-bagagem-personalizado\/","title":{"rendered":"Tag Identificador de Bagagem personalizado."},"content":{"rendered":"<pre id=\"item_referencia\">01009<\/pre>\n<p class=\"produto-nome\">Tag Identificador de Bagagem personalizado.<\/p>\n<div class=\"caracs\">\n<div class=\"desc\">\n<p class=\"desc-tit\"><span class=\"desc-sub my-desc-sub\">Tag identificador de bagagem em bambu. Parte frontal com \u00e1rea para identifica\u00e7\u00e3o e verso liso.\u00a0 Possui fivela pl\u00e1stica com dois tamanhos para encaixe.\u00a0<\/span><\/p>\n<\/div>\n<div class=\"desc\">\n<p class=\"desc-tit\">Altura<span class=\"desc-sub\">\u00a0:\u00a0 9 cm<\/span><\/p>\n<\/div>\n<div class=\"desc\">\n<p class=\"desc-tit\">Largura<span class=\"desc-sub\">\u00a0:\u00a0 6 cm<\/span><\/p>\n<\/div>\n<div class=\"desc\">\n<p class=\"desc-tit\">Espessura<span class=\"desc-sub\">\u00a0:\u00a0 0,3 cm<\/span><\/p>\n<\/div>\n<div class=\"desc\">\n<p class=\"desc-tit\">Medidas aproximadas para grava\u00e7\u00e3o<span class=\"desc-sub\">\u00a0(CxL):\u00a0 6,5 cm x 4 cm<\/span><\/p>\n<\/div>\n<div class=\"desc\">\n<p class=\"desc-tit\">Peso aproximado<span class=\"desc-sub\">\u00a0(g):\u00a0 18<\/span><\/p>\n<\/div>\n<\/div>\n","protected":false},"excerpt":{"rendered":"<p>01009 Tag Identificador de Bagagem personalizado. Tag identificador de bagagem em bambu. Parte frontal com \u00e1rea para identifica\u00e7\u00e3o e verso liso.\u00a0 Possui fivela pl\u00e1stica com dois<span class=\"excerpt-hellip\"> [\u2026]<\/span><\/p>\n","protected":false},"featured_media":2906,"comment_status":"open","ping_status":"closed","template":"","meta":[],"product_cat":[177,171],"product_tag":[975,976],"class_list":["post-5439","product","type-product","status-publish","has-post-thumbnail","hentry","product_cat-linha-travel","product_cat-mochilas-e-malas","product_tag-tag-identificador-de-bagagem-personalizado","product_tag-tag-personalizado"],"_links":{"self":[{"href":"https:\/\/vohnabrindes.com.br\/index.php\/wp-json\/wp\/v2\/product\/5439","targetHints":{"allow":["GET"]}}],"collection":[{"href":"https:\/\/vohnabrindes.com.br\/index.php\/wp-json\/wp\/v2\/product"}],"about":[{"href":"https:\/\/vohnabrindes.com.br\/index.php\/wp-json\/wp\/v2\/types\/product"}],"replies":[{"embeddable":true,"href":"https:\/\/vohnabrindes.com.br\/index.php\/wp-json\/wp\/v2\/comments?post=5439"}],"version-history":[{"count":1,"href":"https:\/\/vohnabrindes.com.br\/index.php\/wp-json\/wp\/v2\/product\/5439\/revisions"}],"predecessor-version":[{"id":5469,"href":"https:\/\/vohnabrindes.com.br\/index.php\/wp-json\/wp\/v2\/product\/5439\/revisions\/5469"}],"wp:featuredmedia":[{"embeddable":true,"href":"https:\/\/vohnabrindes.com.br\/index.php\/wp-json\/wp\/v2\/media\/2906"}],"wp:attachment":[{"href":"https:\/\/vohnabrindes.com.br\/index.php\/wp-json\/wp\/v2\/media?parent=5439"}],"wp:term":[{"taxonomy":"product_cat","embeddable":true,"href":"https:\/\/vohnabrindes.com.br\/index.php\/wp-json\/wp\/v2\/product_cat?post=5439"},{"taxonomy":"product_tag","embeddable":true,"href":"https:\/\/vohnabrindes.com.br\/index.php\/wp-json\/wp\/v2\/product_tag?post=5439"}],"curies":[{"name":"wp","href":"https:\/\/api.w.org\/{rel}","templated":true}]}}