{"id":5441,"date":"2025-05-30T21:40:16","date_gmt":"2025-05-31T00:40:16","guid":{"rendered":"https:\/\/vohnabrindes.com.br\/?post_type=product&#038;p=5441"},"modified":"2025-05-30T21:40:19","modified_gmt":"2025-05-31T00:40:19","slug":"garrafa-plastica-personalizado","status":"publish","type":"product","link":"https:\/\/vohnabrindes.com.br\/index.php\/product\/garrafa-plastica-personalizado\/","title":{"rendered":"Garrafa Pl\u00e1stica personalizado."},"content":{"rendered":"<pre id=\"item_referencia\">02429<\/pre>\n<p class=\"produto-nome\">Garrafa Pl\u00e1stica 610ml personalizado.<\/p>\n<div class=\"caracs\">\n<div class=\"desc\">\n<p class=\"desc-tit\"><span class=\"desc-sub my-desc-sub\">Garrafa pl\u00e1stica 610ml livre BPA com tampa rosque\u00e1vel com al\u00e7a de silicone.<\/span><\/p>\n<\/div>\n<div class=\"desc\">\n<p class=\"desc-tit\">Altura<span class=\"desc-sub\">\u00a0:\u00a0 22,6 cm<\/span><\/p>\n<\/div>\n<div class=\"desc\">\n<p class=\"desc-tit\">Largura<span class=\"desc-sub\">\u00a0:\u00a0 6,6 cm<\/span><\/p>\n<\/div>\n<div class=\"desc\">\n<p class=\"desc-tit\">Espessura<span class=\"desc-sub\">\u00a0:\u00a0 21 cm<\/span><\/p>\n<\/div>\n<div class=\"desc\">\n<p class=\"desc-tit\">Medidas aproximadas para grava\u00e7\u00e3o<span class=\"desc-sub\">\u00a0(CxL):\u00a0 15 cm x 2,5 cm<\/span><\/p>\n<\/div>\n<div class=\"desc\">\n<p class=\"desc-tit\">Peso aproximado<span class=\"desc-sub\">\u00a0(g):\u00a0 81<\/span><\/p>\n<\/div>\n<\/div>\n","protected":false},"excerpt":{"rendered":"<p>02429 Garrafa Pl\u00e1stica 610ml personalizado. Garrafa pl\u00e1stica 610ml livre BPA com tampa rosque\u00e1vel com al\u00e7a de silicone. Altura\u00a0:\u00a0 22,6 cm Largura\u00a0:\u00a0 6,6 cm Espessura\u00a0:\u00a0 21 cm<span class=\"excerpt-hellip\"> [\u2026]<\/span><\/p>\n","protected":false},"featured_media":2910,"comment_status":"open","ping_status":"closed","template":"","meta":[],"product_cat":[129],"product_tag":[977,437,435],"class_list":["post-5441","product","type-product","status-publish","has-post-thumbnail","hentry","product_cat-garrafas-e-squeezes","product_tag-garrafa-plastica-610ml-personalizado","product_tag-squeeze-personalizada","product_tag-squeeze-personalizado"],"_links":{"self":[{"href":"https:\/\/vohnabrindes.com.br\/index.php\/wp-json\/wp\/v2\/product\/5441","targetHints":{"allow":["GET"]}}],"collection":[{"href":"https:\/\/vohnabrindes.com.br\/index.php\/wp-json\/wp\/v2\/product"}],"about":[{"href":"https:\/\/vohnabrindes.com.br\/index.php\/wp-json\/wp\/v2\/types\/product"}],"replies":[{"embeddable":true,"href":"https:\/\/vohnabrindes.com.br\/index.php\/wp-json\/wp\/v2\/comments?post=5441"}],"version-history":[{"count":1,"href":"https:\/\/vohnabrindes.com.br\/index.php\/wp-json\/wp\/v2\/product\/5441\/revisions"}],"predecessor-version":[{"id":5471,"href":"https:\/\/vohnabrindes.com.br\/index.php\/wp-json\/wp\/v2\/product\/5441\/revisions\/5471"}],"wp:featuredmedia":[{"embeddable":true,"href":"https:\/\/vohnabrindes.com.br\/index.php\/wp-json\/wp\/v2\/media\/2910"}],"wp:attachment":[{"href":"https:\/\/vohnabrindes.com.br\/index.php\/wp-json\/wp\/v2\/media?parent=5441"}],"wp:term":[{"taxonomy":"product_cat","embeddable":true,"href":"https:\/\/vohnabrindes.com.br\/index.php\/wp-json\/wp\/v2\/product_cat?post=5441"},{"taxonomy":"product_tag","embeddable":true,"href":"https:\/\/vohnabrindes.com.br\/index.php\/wp-json\/wp\/v2\/product_tag?post=5441"}],"curies":[{"name":"wp","href":"https:\/\/api.w.org\/{rel}","templated":true}]}}